{"id":2386,"date":"2019-04-03T11:05:49","date_gmt":"2019-04-03T09:05:49","guid":{"rendered":"https:\/\/prolocoagrigento.it\/en-dehors-de-la-ville\/"},"modified":"2023-03-10T15:47:24","modified_gmt":"2023-03-10T14:47:24","slug":"en-dehors-de-la-ville","status":"publish","type":"page","link":"https:\/\/prolocoagrigento.it\/fr\/en-dehors-de-la-ville\/","title":{"rendered":"EN DEHORS DE LA VILLE"},"content":{"rendered":"\t\t<div data-elementor-type=\"wp-page\" data-elementor-id=\"2386\" class=\"elementor elementor-2386 elementor-1175\" data-elementor-post-type=\"page\">\n\t\t\t\t\t\t<section class=\"elementor-section elementor-top-section elementor-element elementor-element-bfdf9d5 elementor-section-boxed elementor-section-height-default elementor-section-height-default\" data-id=\"bfdf9d5\" data-element_type=\"section\">\n\t\t\t\t\t\t<div class=\"elementor-container elementor-column-gap-default\">\n\t\t\t\t\t<div class=\"elementor-column elementor-col-100 elementor-top-column elementor-element elementor-element-fe8a803\" data-id=\"fe8a803\" data-element_type=\"column\">\n\t\t\t<div class=\"elementor-widget-wrap elementor-element-populated\">\n\t\t\t\t\t\t<div class=\"elementor-element elementor-element-11536ea elementor-view-default elementor-position-top elementor-mobile-position-top elementor-widget elementor-widget-icon-box\" data-id=\"11536ea\" data-element_type=\"widget\" data-widget_type=\"icon-box.default\">\n\t\t\t\t<div class=\"elementor-widget-container\">\n\t\t\t<link rel=\"stylesheet\" href=\"https:\/\/prolocoagrigento.it\/wp-content\/plugins\/elementor\/assets\/css\/widget-icon-box.min.css\">\t\t<div class=\"elementor-icon-box-wrapper\">\n\t\t\t\t\t\t<div class=\"elementor-icon-box-icon\">\n\t\t\t\t<span  class=\"elementor-icon elementor-animation-\">\n\t\t\t\t<i aria-hidden=\"true\" class=\"fas fa-map-marker-alt\"><\/i>\t\t\t\t<\/span>\n\t\t\t<\/div>\n\t\t\t\t\t\t<div class=\"elementor-icon-box-content\">\n\t\t\t\t<h3 class=\"elementor-icon-box-title\">\n\t\t\t\t\t<span  >\n\t\t\t\t\t\tEN DEHORS DE LA VILLE\t\t\t\t\t<\/span>\n\t\t\t\t<\/h3>\n\t\t\t\t\t\t\t\t\t<p class=\"elementor-icon-box-description\">\n\t\t\t\t\t\tApr\u00e8s avoir visit\u00e9 Agrigente, nous recommandons d\u2019aller explorer les alentours, ou vous pourrez contempler la Scala dei Turchi, la Tour de Carlos V, ou encore une ballade pittoresque dans les monts de la Sicile.\t\t\t\t\t<\/p>\n\t\t\t\t\t\t\t<\/div>\n\t\t<\/div>\n\t\t\t\t<\/div>\n\t\t\t\t<\/div>\n\t\t\t\t\t<\/div>\n\t\t<\/div>\n\t\t\t\t\t<\/div>\n\t\t<\/section>\n\t\t\t\t<section class=\"elementor-section elementor-top-section elementor-element elementor-element-ca1009e elementor-section-boxed elementor-section-height-default elementor-section-height-default\" data-id=\"ca1009e\" data-element_type=\"section\">\n\t\t\t\t\t\t<div class=\"elementor-container elementor-column-gap-default\">\n\t\t\t\t\t<div class=\"elementor-column elementor-col-33 elementor-top-column elementor-element elementor-element-0d4e399\" data-id=\"0d4e399\" data-element_type=\"column\">\n\t\t\t<div class=\"elementor-widget-wrap elementor-element-populated\">\n\t\t\t\t\t\t<div class=\"elementor-element elementor-element-e7756e4 elementor-position-top elementor-widget elementor-widget-image-box\" data-id=\"e7756e4\" data-element_type=\"widget\" data-widget_type=\"image-box.default\">\n\t\t\t\t<div class=\"elementor-widget-container\">\n\t\t\t<style>\/*! elementor - v3.19.0 - 07-02-2024 *\/\n.elementor-widget-image-box .elementor-image-box-content{width:100%}@media (min-width:768px){.elementor-widget-image-box.elementor-position-left .elementor-image-box-wrapper,.elementor-widget-image-box.elementor-position-right .elementor-image-box-wrapper{display:flex}.elementor-widget-image-box.elementor-position-right .elementor-image-box-wrapper{text-align:right;flex-direction:row-reverse}.elementor-widget-image-box.elementor-position-left .elementor-image-box-wrapper{text-align:left;flex-direction:row}.elementor-widget-image-box.elementor-position-top .elementor-image-box-img{margin:auto}.elementor-widget-image-box.elementor-vertical-align-top .elementor-image-box-wrapper{align-items:flex-start}.elementor-widget-image-box.elementor-vertical-align-middle .elementor-image-box-wrapper{align-items:center}.elementor-widget-image-box.elementor-vertical-align-bottom .elementor-image-box-wrapper{align-items:flex-end}}@media (max-width:767px){.elementor-widget-image-box .elementor-image-box-img{margin-left:auto!important;margin-right:auto!important;margin-bottom:15px}}.elementor-widget-image-box .elementor-image-box-img{display:inline-block}.elementor-widget-image-box .elementor-image-box-title a{color:inherit}.elementor-widget-image-box .elementor-image-box-wrapper{text-align:center}.elementor-widget-image-box .elementor-image-box-description{margin:0}<\/style><div class=\"elementor-image-box-wrapper\"><figure class=\"elementor-image-box-img\"><img decoding=\"async\" src=\"https:\/\/prolocoagrigento.it\/wp-content\/uploads\/elementor\/thumbs\/scala-dei-turchi-pnxh7ebi8qxxxeszimq18r71hhoi94f5c2l1f3vau8.jpg\" title=\"scala-dei-turchi\" alt=\"scala-dei-turchi\" loading=\"lazy\" \/><\/figure><div class=\"elementor-image-box-content\"><h3 class=\"elementor-image-box-title\">Scala dei Turchi<\/h3><p class=\"elementor-image-box-description\">La Scala dei Turchi (litt\u00e9ralement l\u2019escalier turc) est une formation rocheuse naturelle faite de marne blanche qui s\u2019\u00e9l\u00e8ve au-dessus de la mer, \u00e0 Realmonte, tout pr\u00e8s d\u2019Agrigente. Sa forme et sa couleur qui sortent de l\u2019ordinaire en ont fait une des attractions les plus pris\u00e9es par les touristes. Elle tient son nom des nombreux pirates en provenance de diverses r\u00e9gions m\u00e9diterran\u00e9ennes l\u2019ayant utilis\u00e9e comme abri, auxquels on attribue vulgairement le nom de Turcs.  <\/p><\/div><\/div>\t\t<\/div>\n\t\t\t\t<\/div>\n\t\t\t\t\t<\/div>\n\t\t<\/div>\n\t\t\t\t<div class=\"elementor-column elementor-col-33 elementor-top-column elementor-element elementor-element-33ae956\" data-id=\"33ae956\" data-element_type=\"column\">\n\t\t\t<div class=\"elementor-widget-wrap elementor-element-populated\">\n\t\t\t\t\t\t<div class=\"elementor-element elementor-element-3bf326d elementor-position-top elementor-widget elementor-widget-image-box\" data-id=\"3bf326d\" data-element_type=\"widget\" data-widget_type=\"image-box.default\">\n\t\t\t\t<div class=\"elementor-widget-container\">\n\t\t\t<div class=\"elementor-image-box-wrapper\"><figure class=\"elementor-image-box-img\"><img decoding=\"async\" src=\"https:\/\/prolocoagrigento.it\/wp-content\/uploads\/elementor\/thumbs\/torre-carlo-v-pnxh7ebi8qxxxeszimq18r71hhoi94f5c2l1f3vau8.jpg\" title=\"torre-carlo-v\" alt=\"torre-carlo-v\" loading=\"lazy\" \/><\/figure><div class=\"elementor-image-box-content\"><h3 class=\"elementor-image-box-title\">LA TOUR CHARLES V<\/h3><p class=\"elementor-image-box-description\">Cette tour fut con\u00e7ue par Camillo Camilliani, sous les ordres de Charles V. Elle fut \u00e9difi\u00e9e pendant le VI\u1d49 si\u00e8cle afin de d\u00e9fendre le d\u00e9p\u00f4t de munitions se trouvant \u00e0 proximit\u00e9 et de le prot\u00e9ger des attaques ennemies. Elle f\u00fbt convertie plus tard en une prison par les Bourbons, mais sert aujourd\u2019hui de centre social, de biblioth\u00e8que et de lieu de r\u00e9union. De plus, ses douves abritent les canons et servent d\u2019espace accueillant des expositions, g\u00e9r\u00e9 par la direction de l\u2019h\u00e9ritage culturel. <\/p><\/div><\/div>\t\t<\/div>\n\t\t\t\t<\/div>\n\t\t\t\t\t<\/div>\n\t\t<\/div>\n\t\t\t\t<div class=\"elementor-column elementor-col-33 elementor-top-column elementor-element elementor-element-6def075\" data-id=\"6def075\" data-element_type=\"column\">\n\t\t\t<div class=\"elementor-widget-wrap elementor-element-populated\">\n\t\t\t\t\t\t<div class=\"elementor-element elementor-element-faef38d elementor-position-top elementor-widget elementor-widget-image-box\" data-id=\"faef38d\" data-element_type=\"widget\" data-widget_type=\"image-box.default\">\n\t\t\t\t<div class=\"elementor-widget-container\">\n\t\t\t<div class=\"elementor-image-box-wrapper\"><figure class=\"elementor-image-box-img\"><img decoding=\"async\" src=\"https:\/\/prolocoagrigento.it\/wp-content\/uploads\/elementor\/thumbs\/farm-pnxh7ebi8qxxxeszimq18r71hhoi94f5c2l1f3vau8.jpg\" title=\"farm\" alt=\"farm\" loading=\"lazy\" \/><\/figure><div class=\"elementor-image-box-content\"><h3 class=\"elementor-image-box-title\">FARM CULTURAL PARK<\/h3><p class=\"elementor-image-box-description\">C\u2019est une galerie d\u2019art ou des artistes locaux exposent de mani\u00e8re permanente, \u00e0 Favara. Ce fut le premier parc culturel de l\u2019ile, fond\u00e9 en 2010. En plus d\u2019accueillir des expositions artistiques, le parc offre plusieurs lieux dans lesquels se restaurer, organise des \u00e9v\u00e8nements et on y trouve aussi une boutique. Le but principal de ce projet est de redynamiser le centre historique de Favara et de transformer la ville en une destination pris\u00e9e des touristes visitant la r\u00e9gion.   <\/p><\/div><\/div>\t\t<\/div>\n\t\t\t\t<\/div>\n\t\t\t\t\t<\/div>\n\t\t<\/div>\n\t\t\t\t\t<\/div>\n\t\t<\/section>\n\t\t\t\t<section class=\"elementor-section elementor-top-section elementor-element elementor-element-035ecd6 elementor-section-boxed elementor-section-height-default elementor-section-height-default\" data-id=\"035ecd6\" data-element_type=\"section\">\n\t\t\t\t\t\t<div class=\"elementor-container elementor-column-gap-default\">\n\t\t\t\t\t<div class=\"elementor-column elementor-col-33 elementor-top-column elementor-element elementor-element-60874a7\" data-id=\"60874a7\" data-element_type=\"column\">\n\t\t\t<div class=\"elementor-widget-wrap elementor-element-populated\">\n\t\t\t\t\t\t<div class=\"elementor-element elementor-element-fd8ba13 elementor-position-top elementor-widget elementor-widget-image-box\" data-id=\"fd8ba13\" data-element_type=\"widget\" data-widget_type=\"image-box.default\">\n\t\t\t\t<div class=\"elementor-widget-container\">\n\t\t\t<div class=\"elementor-image-box-wrapper\"><figure class=\"elementor-image-box-img\"><img decoding=\"async\" src=\"https:\/\/prolocoagrigento.it\/wp-content\/uploads\/elementor\/thumbs\/teatro-andromeda-pnxh7ebi8qxxxeszimq18r71hhoi94f5c2l1f3vau8.jpg\" title=\"teatro-andromeda\" alt=\"teatro-andromeda\" loading=\"lazy\" \/><\/figure><div class=\"elementor-image-box-content\"><h3 class=\"elementor-image-box-title\">PARC R\u00c9GIONAL DES SICANI MONTI<\/h3><p class=\"elementor-image-box-description\">Le Parco dei Monti Sicani occupe la troisi\u00e8me place parmi les parcs naturels siciliens, couvrant six communes de la province d'Agrigente. Il est caract\u00e9ris\u00e9 par une flore vari\u00e9e et la pr\u00e9sence d'animaux rares tels que le milan noir, l'aigle royal et le vautour fauve. Il est \u00e9galement connu pour sa production de produits typiques de haute qualit\u00e9 et la pr\u00e9sence du magnifique th\u00e9\u00e2tre d'Androm\u00e8de (en photo).  <\/p><\/div><\/div>\t\t<\/div>\n\t\t\t\t<\/div>\n\t\t\t\t\t<\/div>\n\t\t<\/div>\n\t\t\t\t<div class=\"elementor-column elementor-col-33 elementor-top-column elementor-element elementor-element-dc6b648\" data-id=\"dc6b648\" data-element_type=\"column\">\n\t\t\t<div class=\"elementor-widget-wrap elementor-element-populated\">\n\t\t\t\t\t\t<div class=\"elementor-element elementor-element-a7c4b10 elementor-position-top elementor-widget elementor-widget-image-box\" data-id=\"a7c4b10\" data-element_type=\"widget\" data-widget_type=\"image-box.default\">\n\t\t\t\t<div class=\"elementor-widget-container\">\n\t\t\t<div class=\"elementor-image-box-wrapper\"><figure class=\"elementor-image-box-img\"><img decoding=\"async\" src=\"https:\/\/prolocoagrigento.it\/wp-content\/uploads\/elementor\/thumbs\/eraclea-minoa-pnxh7ebi8qxxxeszimq18r71hhoi94f5c2l1f3vau8.jpg\" title=\"eraclea-minoa\" alt=\"eraclea-minoa\" loading=\"lazy\" \/><\/figure><div class=\"elementor-image-box-content\"><h3 class=\"elementor-image-box-title\">ERACLEA MINOA<\/h3><p class=\"elementor-image-box-description\">C\u2019est une ancienne ville grecque se trouvant dans le sud-ouest de l\u2019ile. D\u2019apr\u00e8s H\u00e9rodote, elle f\u00fbt fond\u00e9e par les habitants de S\u00e9linonte, qui l\u2019ont baptis\u00e9e Minoa. Ses ruines se trouvent dans la zone arch\u00e9ologique Catolica Eraclea, se situant dans la r\u00e9gion d\u2019Agrigente. Les parties de grand int\u00e9r\u00eat sont le th\u00e9\u00e2tre, datant d\u2019entre le V\u1d49 et le VII\u1d49 si\u00e8cle avant J.C., le quartier hell\u00e9niste et les r\u00e9sidences romaines, mais aussi l\u2019Antiquarium et les ruines des murs de l\u2019enceinte de la ville.  <\/p><\/div><\/div>\t\t<\/div>\n\t\t\t\t<\/div>\n\t\t\t\t\t<\/div>\n\t\t<\/div>\n\t\t\t\t<div class=\"elementor-column elementor-col-33 elementor-top-column elementor-element elementor-element-c15a877\" data-id=\"c15a877\" data-element_type=\"column\">\n\t\t\t<div class=\"elementor-widget-wrap elementor-element-populated\">\n\t\t\t\t\t\t<div class=\"elementor-element elementor-element-f460df2 elementor-position-top elementor-widget elementor-widget-image-box\" data-id=\"f460df2\" data-element_type=\"widget\" data-widget_type=\"image-box.default\">\n\t\t\t\t<div class=\"elementor-widget-container\">\n\t\t\t<div class=\"elementor-image-box-wrapper\"><figure class=\"elementor-image-box-img\"><img decoding=\"async\" src=\"https:\/\/prolocoagrigento.it\/wp-content\/uploads\/elementor\/thumbs\/castello-chiaramonte-favara-pnxh7ebi8qxxxeszimq18r71hhoi94f5c2l1f3vau8.jpg\" title=\"castello-chiaramonte-favara\" alt=\"castello-chiaramonte-favara\" loading=\"lazy\" \/><\/figure><div class=\"elementor-image-box-content\"><h3 class=\"elementor-image-box-title\">LE CH\u00c2TEAU DE FAVARA \u00ab CHIARAMONTANO \u00bb<\/h3><p class=\"elementor-image-box-description\">Il f\u00fbt construit autour de l\u2019an 1280 par Federico II, un noble de la famille Chiaramonte. Ce f\u00fbt un lieu de r\u00e9sidence jusqu\u2019au d\u00e9but du XVII\u1d49 si\u00e8cle, mais durant le XVIII\u1d49 si\u00e8cle, les cuisines qui se situent des deux c\u00f4t\u00e9s du portail furent utilis\u00e9es comme des prisons. <\/p><\/div><\/div>\t\t<\/div>\n\t\t\t\t<\/div>\n\t\t\t\t\t<\/div>\n\t\t<\/div>\n\t\t\t\t\t<\/div>\n\t\t<\/section>\n\t\t\t\t<\/div>\n\t\t","protected":false},"excerpt":{"rendered":"<p>EN DEHORS DE LA VILLE Apr\u00e8s avoir visit\u00e9 Agrigente, nous recommandons d\u2019aller explorer les alentours, ou vous pourrez contempler la Scala dei Turchi, la Tour de Carlos V, ou encore une ballade pittoresque dans les monts de la Sicile. Scala dei Turchi La Scala dei Turchi (litt\u00e9ralement l\u2019escalier turc) est une formation rocheuse naturelle faite [&hellip;]<\/p>\n","protected":false},"author":1,"featured_media":0,"parent":0,"menu_order":0,"comment_status":"closed","ping_status":"closed","template":"","meta":{"site-sidebar-layout":"default","site-content-layout":"","ast-site-content-layout":"","site-content-style":"default","site-sidebar-style":"default","ast-global-header-display":"","ast-banner-title-visibility":"","ast-main-header-display":"","ast-hfb-above-header-display":"","ast-hfb-below-header-display":"","ast-hfb-mobile-header-display":"","site-post-title":"","ast-breadcrumbs-content":"","ast-featured-img":"","footer-sml-layout":"","theme-transparent-header-meta":"","adv-header-id-meta":"","stick-header-meta":"","header-above-stick-meta":"","header-main-stick-meta":"","header-below-stick-meta":"","astra-migrate-meta-layouts":"default","ast-page-background-enabled":"default","ast-page-background-meta":{"desktop":{"background-color":"var(--ast-global-color-4)","background-image":"","background-repeat":"repeat","background-position":"center center","background-size":"auto","background-attachment":"scroll","background-type":"","background-media":"","overlay-type":"","overlay-color":"","overlay-gradient":""},"tablet":{"background-color":"","background-image":"","background-repeat":"repeat","background-position":"center center","background-size":"auto","background-attachment":"scroll","background-type":"","background-media":"","overlay-type":"","overlay-color":"","overlay-gradient":""},"mobile":{"background-color":"","background-image":"","background-repeat":"repeat","background-position":"center center","background-size":"auto","background-attachment":"scroll","background-type":"","background-media":"","overlay-type":"","overlay-color":"","overlay-gradient":""}},"ast-content-background-meta":{"desktop":{"background-color":"var(--ast-global-color-5)","background-image":"","background-repeat":"repeat","background-position":"center center","background-size":"auto","background-attachment":"scroll","background-type":"","background-media":"","overlay-type":"","overlay-color":"","overlay-gradient":""},"tablet":{"background-color":"var(--ast-global-color-5)","background-image":"","background-repeat":"repeat","background-position":"center center","background-size":"auto","background-attachment":"scroll","background-type":"","background-media":"","overlay-type":"","overlay-color":"","overlay-gradient":""},"mobile":{"background-color":"var(--ast-global-color-5)","background-image":"","background-repeat":"repeat","background-position":"center center","background-size":"auto","background-attachment":"scroll","background-type":"","background-media":"","overlay-type":"","overlay-color":"","overlay-gradient":""}},"footnotes":""},"_links":{"self":[{"href":"https:\/\/prolocoagrigento.it\/fr\/wp-json\/wp\/v2\/pages\/2386"}],"collection":[{"href":"https:\/\/prolocoagrigento.it\/fr\/wp-json\/wp\/v2\/pages"}],"about":[{"href":"https:\/\/prolocoagrigento.it\/fr\/wp-json\/wp\/v2\/types\/page"}],"author":[{"embeddable":true,"href":"https:\/\/prolocoagrigento.it\/fr\/wp-json\/wp\/v2\/users\/1"}],"replies":[{"embeddable":true,"href":"https:\/\/prolocoagrigento.it\/fr\/wp-json\/wp\/v2\/comments?post=2386"}],"version-history":[{"count":3,"href":"https:\/\/prolocoagrigento.it\/fr\/wp-json\/wp\/v2\/pages\/2386\/revisions"}],"predecessor-version":[{"id":2389,"href":"https:\/\/prolocoagrigento.it\/fr\/wp-json\/wp\/v2\/pages\/2386\/revisions\/2389"}],"wp:attachment":[{"href":"https:\/\/prolocoagrigento.it\/fr\/wp-json\/wp\/v2\/media?parent=2386"}],"curies":[{"name":"wp","href":"https:\/\/api.w.org\/{rel}","templated":true}]}}