{"id":2259,"date":"2019-04-02T10:27:54","date_gmt":"2019-04-02T08:27:54","guid":{"rendered":"https:\/\/prolocoagrigento.it\/introduction-a-lhistoire\/"},"modified":"2023-02-20T12:55:36","modified_gmt":"2023-02-20T11:55:36","slug":"introduction-a-lhistoire","status":"publish","type":"page","link":"https:\/\/prolocoagrigento.it\/fr\/introduction-a-lhistoire\/","title":{"rendered":"INTRODUCTION \u00c0 L&rsquo;HISTOIRE"},"content":{"rendered":"\t\t<div data-elementor-type=\"wp-page\" data-elementor-id=\"2259\" class=\"elementor elementor-2259 elementor-1056\" data-elementor-post-type=\"page\">\n\t\t\t\t\t\t<section class=\"elementor-section elementor-top-section elementor-element elementor-element-1799f65 elementor-section-boxed elementor-section-height-default elementor-section-height-default\" data-id=\"1799f65\" data-element_type=\"section\">\n\t\t\t\t\t\t<div class=\"elementor-container elementor-column-gap-default\">\n\t\t\t\t\t<div class=\"elementor-column elementor-col-100 elementor-top-column elementor-element elementor-element-faa1688\" data-id=\"faa1688\" data-element_type=\"column\">\n\t\t\t<div class=\"elementor-widget-wrap elementor-element-populated\">\n\t\t\t\t\t\t<div class=\"elementor-element elementor-element-3a0545a elementor-view-default elementor-position-top elementor-mobile-position-top elementor-widget elementor-widget-icon-box\" data-id=\"3a0545a\" data-element_type=\"widget\" data-widget_type=\"icon-box.default\">\n\t\t\t\t<div class=\"elementor-widget-container\">\n\t\t\t<link rel=\"stylesheet\" href=\"https:\/\/prolocoagrigento.it\/wp-content\/plugins\/elementor\/assets\/css\/widget-icon-box.min.css\">\t\t<div class=\"elementor-icon-box-wrapper\">\n\t\t\t\t\t\t<div class=\"elementor-icon-box-icon\">\n\t\t\t\t<span  class=\"elementor-icon elementor-animation-\">\n\t\t\t\t<i aria-hidden=\"true\" class=\"fas fa-landmark\"><\/i>\t\t\t\t<\/span>\n\t\t\t<\/div>\n\t\t\t\t\t\t<div class=\"elementor-icon-box-content\">\n\t\t\t\t<h3 class=\"elementor-icon-box-title\">\n\t\t\t\t\t<span  >\n\t\t\t\t\t\tINTRODUCTION \u00c0 L'HISTOIRE D\u2019AGRIGENTE\t\t\t\t\t<\/span>\n\t\t\t\t<\/h3>\n\t\t\t\t\t\t\t<\/div>\n\t\t<\/div>\n\t\t\t\t<\/div>\n\t\t\t\t<\/div>\n\t\t\t\t<section class=\"elementor-section elementor-inner-section elementor-element elementor-element-1d9a57b elementor-section-boxed elementor-section-height-default elementor-section-height-default\" data-id=\"1d9a57b\" data-element_type=\"section\">\n\t\t\t\t\t\t<div class=\"elementor-container elementor-column-gap-default\">\n\t\t\t\t\t<div class=\"elementor-column elementor-col-25 elementor-inner-column elementor-element elementor-element-a30c4b0 elementor-hidden-tablet elementor-hidden-mobile\" data-id=\"a30c4b0\" data-element_type=\"column\">\n\t\t\t<div class=\"elementor-widget-wrap\">\n\t\t\t\t\t\t\t<\/div>\n\t\t<\/div>\n\t\t\t\t<div class=\"elementor-column elementor-col-50 elementor-inner-column elementor-element elementor-element-f841ee8\" data-id=\"f841ee8\" data-element_type=\"column\">\n\t\t\t<div class=\"elementor-widget-wrap elementor-element-populated\">\n\t\t\t\t\t\t<div class=\"elementor-element elementor-element-f266955 elementor-widget elementor-widget-text-editor\" data-id=\"f266955\" data-element_type=\"widget\" data-widget_type=\"text-editor.default\">\n\t\t\t\t<div class=\"elementor-widget-container\">\n\t\t\t<style>\/*! elementor - v3.19.0 - 07-02-2024 *\/\n.elementor-widget-text-editor.elementor-drop-cap-view-stacked .elementor-drop-cap{background-color:#69727d;color:#fff}.elementor-widget-text-editor.elementor-drop-cap-view-framed .elementor-drop-cap{color:#69727d;border:3px solid;background-color:transparent}.elementor-widget-text-editor:not(.elementor-drop-cap-view-default) .elementor-drop-cap{margin-top:8px}.elementor-widget-text-editor:not(.elementor-drop-cap-view-default) .elementor-drop-cap-letter{width:1em;height:1em}.elementor-widget-text-editor .elementor-drop-cap{float:left;text-align:center;line-height:1;font-size:50px}.elementor-widget-text-editor .elementor-drop-cap-letter{display:inline-block}<\/style>\t\t\t\t<p><strong>Agrigente<\/strong> a \u00e9t\u00e9 fond\u00e9e au VIe si\u00e8cle avant JC par les grecs de <strong>Rhodes<\/strong> dans la plaine dans laquelle se trouve la <strong>Vall\u00e9e des Temples<\/strong> (l&rsquo;un des biens du patrimoine mondial de l&rsquo;humanit\u00e9 de l&rsquo;Unesco). Plusieurs noms ont \u00e9t\u00e9 donn\u00e9s \u00e0 cette ville : <strong>Akragas<\/strong> (grec), <strong>Agrigentum<\/strong> (latin), <strong>Kerkent<\/strong> (arabe), <strong>Girgenti<\/strong> (durant le moyen-\u00e2ge), puis enfin <strong>Agrigento <\/strong>(depuis 1927, p\u00e9riode fasciste). <\/p><p><img fetchpriority=\"high\" decoding=\"async\" class=\"aligncenter wp-image-1111 size-full\" src=\"https:\/\/prolocoagrigento.it\/wp-content\/uploads\/2019\/04\/valle-dei-templi.jpg\" alt=\"\" width=\"800\" height=\"400\" srcset=\"https:\/\/prolocoagrigento.it\/wp-content\/uploads\/2019\/04\/valle-dei-templi.jpg 800w, https:\/\/prolocoagrigento.it\/wp-content\/uploads\/2019\/04\/valle-dei-templi-300x150.jpg 300w, https:\/\/prolocoagrigento.it\/wp-content\/uploads\/2019\/04\/valle-dei-templi-768x384.jpg 768w, https:\/\/prolocoagrigento.it\/wp-content\/uploads\/2019\/04\/valle-dei-templi-600x300.jpg 600w\" sizes=\"(max-width: 800px) 100vw, 800px\" \/><\/p><p>D\u2019origine, le territoire d\u2019Agrigente est peupl\u00e9 par les indig\u00e8nes siciliens, les <strong>Scans<\/strong>. Mais, tout comme le reste de la Sicile, de nombreuses conqu\u00eates et conqu\u00eates ont rythm\u00e9 l\u2019histoire de l&rsquo;\u00eele. A partir de l\u2019an 406 avant JC, c\u2019est un peuple d&rsquo;Afrique du nord qui r\u00e9gna sur Agrigente, les <strong>Carthaginois<\/strong> (peuple nord-africain). En 210 avant JC, ce furent les <strong>Romains<\/strong> (la ville fut renomm\u00e9e Agrigentum), et ce jusqu\u2019en 828, puisque ce sont les     <strong>Arabes<\/strong> (p\u00e9riode pendant laquelle le centre de la ville moderne a \u00e9t\u00e9 construit) ; en 1087, sous celle des <strong>Normands<\/strong> (lorsque la cath\u00e9drale et l&rsquo;\u00e9glise de Santa Maria dei Greci ont \u00e9t\u00e9 \u00e9rig\u00e9es) ; en 1700, sous celle des<strong> Bourbons<\/strong> (devenant partie du royaume de Sicile qui devint ensuite le <strong>royaume des Deux-Siciles<\/strong>) ; enfin, en 1860, elle est devenue partie du <strong>Royaume d&rsquo;Italie<\/strong> (territoire similaire \u00e0 l&rsquo;Italie moderne) apr\u00e8s la r\u00e9volte de Garibaldi. Agrigente \u00e9tait \u00e9galement le centre des barons et des religieux. <\/p><p>Avant JC, les 3 villes principales de la Sicile \u00e9taient <strong>Agrigente<\/strong>, Syracuse et Imera (situ\u00e9e sur une zone faisant aujourd\u2019hui partiellement partie de la province de Palerme). Au cours des si\u00e8cles avant JC, trois villes \u00e9taient consid\u00e9r\u00e9es comme les plus importantes de l&rsquo;\u00eele : Agrigente, Syracuse et Imera (territoire qui, actuellement, correspond partiellement \u00e0 la province de Palerme). L&rsquo;un des premiers tyrans les plus connus \u00e9tait Th\u00e9ron qui, avec le tyran de Syracuse, a pu maintenir le contr\u00f4le des trois villes pendant une longue p\u00e9riode. En 460-470 avant JC, le peuple d&rsquo;<strong>Agrigente<\/strong> d\u00e9cida d&rsquo;instaurer la d\u00e9mocratie \u00e0 la place de la tyrannie, m\u00eame si en 314 avant JC, il dut revenir \u00e0 la tyrannie sous la domination de la ville de Syracuse. <strong>Agrigente est redevenue importante en Sicile en 1817<\/strong>, \u00e0 l&rsquo;\u00e9poque bourbonienne, lorsque Girgenti (le nom d&rsquo;Agrigente \u00e0 l&rsquo;\u00e9poque) est devenue l&rsquo;une des sept capitales siciliennes (avec Palerme, Messine, Catane, Syracuse, Caltanissetta et Trapani). Depuis 1922, Agrigente, comme toute l&rsquo;Italie, \u00e9tait sous le r\u00e9gime fasciste, qui a pris fin en 1943 apr\u00e8s les bombardements des Britanniques et des Am\u00e9ricains.   <\/p><p>Dans son histoire, Agrigente a \u00e9t\u00e9 particuli\u00e8rement importante pour l&rsquo;agriculture, l&rsquo;extraction du soufre et les activit\u00e9s touristiques et h\u00f4teli\u00e8res (\u00e0 partir du XXe si\u00e8cle). En fin de compte, c&rsquo;\u00e9tait l&rsquo;une des colonies grecques les plus florissantes et importantes de l&rsquo;Occident. \u00c0 cet \u00e9gard, la magnifique <strong>Vall\u00e9e des Temples<\/strong> et les pr\u00e9cieux vestiges du <strong>Mus\u00e9e arch\u00e9ologique \u00ab\u00a0Griffo\u00a0\u00bb<\/strong> en t\u00e9moignent. Chaque touriste commence en effet par la visite de la Vall\u00e9e des Temples lors de son excursion sur le territoire d&rsquo;Agrigente.   <\/p><h2>VISITER LA VALL\u00c9E DES TEMPLES ET AGRIGENTO<\/h2><p>Il est tout \u00e0 fait possible de visiter par vous m\u00eame la <strong>zone arch\u00e9ologique<\/strong> en achetant simplement un ticket. Mais il est fort probable que vous ne saisissiez pas l&rsquo;enti\u00e8ret\u00e9 de l\u2019histoire derri\u00e8re elle tout comme de sa beaut\u00e9. En effet, la plupart des gens se contentent de faire une seule promenade en \u00ab\u00a0<em>regardant<\/em>\u00a0\u00bb les nombreux temples construits par les Grecs il y a <strong>pr\u00e8s de 2600 ans<\/strong>. Ceux-cis passent a cote de plus de 50% de ce au\u2019il s\u2019y trouve. Nous vous recommandons fortement d&rsquo;avoir recours a un <strong>guide papier ou audio<\/strong>, voire m\u00eame d&rsquo;un <strong>guide \u00ab\u00a0physique\u00a0\u00bb<\/strong> dans votre langue, qui vous explique pas \u00e0 pas ce qui se cache derri\u00e8re : les restes de blanc sur le temple de <em>Dioscuri<\/em>, ou encore les trqces rouges sur le temple de <em>Concordia<\/em>. Les explications sont en effet primordiales, sp\u00e9cialement \u00e0 propos du Temple de <em>Zeus<\/em>, qui autrement ne vous para\u00eetra qu\u2019un amas de roche (tuf) sur le sol.     <\/p><p>Le trajet \u00e0 pied ne vous emm\u00e8nera d\u2019ailleurs pas jusqu&rsquo;\u00e0 des lieux de grande importance de la vall\u00e9e, comme le <strong>quartier Hellenico-Romain<\/strong>, le <strong>Mus\u00e9e arch\u00e9ologique de Griffo<\/strong> ou encore le <strong>Gymnase<\/strong>. De plus, tr\u00e8s r\u00e9cemment d\u2019importantes nouvelles d\u00e9couvertes ont etees faites, telles que la d\u00e9couverte de <strong>l&rsquo;Ancien Th\u00e9\u00e2tre d&rsquo;Akragas<\/strong>, le <strong>Temple Romain<\/strong> et les <strong>Bains d\u2019Akragas<\/strong>. <\/p><p>Cependant, se limiter \u00e0 la seule zone arch\u00e9ologique serait r\u00e9ducteur et incomplet.<\/p><p><img decoding=\"async\" class=\"wp-image-1123 size-full\" src=\"https:\/\/prolocoagrigento.it\/wp-content\/uploads\/2019\/04\/teatro-pirandello.jpg\" alt=\"\" width=\"800\" height=\"400\" srcset=\"https:\/\/prolocoagrigento.it\/wp-content\/uploads\/2019\/04\/teatro-pirandello.jpg 800w, https:\/\/prolocoagrigento.it\/wp-content\/uploads\/2019\/04\/teatro-pirandello-300x150.jpg 300w, https:\/\/prolocoagrigento.it\/wp-content\/uploads\/2019\/04\/teatro-pirandello-768x384.jpg 768w, https:\/\/prolocoagrigento.it\/wp-content\/uploads\/2019\/04\/teatro-pirandello-600x300.jpg 600w\" sizes=\"(max-width: 800px) 100vw, 800px\" \/><\/p><p>La ville a \u00e9galement <strong>beaucoup \u00e0 offrir<\/strong>. \u00c0 commencer par son centre historique, construit par les <em>Akragantins<\/em> d&rsquo;abord, puis par les <em>Arabes<\/em>, les <em>Espagnols<\/em> ou les <em>Fran\u00e7ais<\/em>. Une culture qui a subi de nombreuses dominations et qui a donc souvent chang\u00e9 le style et les habitudes de ses habitants. L&rsquo;histoire a travers\u00e9 \u00e0 plusieurs reprises Agrigente, passant de celle <strong>des Grecs, des Romains et des Carthaginois<\/strong> \u00e0 celle plus r\u00e9cente <strong>des Chiaramonte, des Mille de Garibaldi, du fascisme ou du d\u00e9barquement alli\u00e9 en Sicile<\/strong> pendant la Seconde Guerre mondiale. Tous ont laiss\u00e9 une trace de leur passage qui <strong>m\u00e9rite encore d&rsquo;\u00eatre connue<\/strong> et vue, comme c&rsquo;est le cas de <strong>l&rsquo;\u00e9glise Santa Maria dei Greci<\/strong>, de la <strong>cath\u00e9drale<\/strong> ou du <strong>Mudia<\/strong>, c&rsquo;est-\u00e0-dire le <em>Mus\u00e9e dioc\u00e9sain<\/em>.    <\/p><p>Mais le centre offre de nombreuses visites, comme le <strong>Th\u00e9\u00e2tre Pirandello<\/strong>, la <strong>Porta di Ponte<\/strong>, la <strong>via Atenea<\/strong> ou encore le <strong>Monast\u00e8re de Santo Spirito<\/strong>. Il est possible de visiter tous ces lieux \u00e0 l&rsquo;aide de cartes et autres documents. Visiter la vall\u00e9e des temples sans visiter la ville serait comparable \u00e0 se rendre \u00e0 paris pour voir la tour eiffel sans visiter le reste de la ville. <strong>Agrigente et la Vall\u00e9e des Temples ne font qu&rsquo;un<\/strong>. Ils sont reli\u00e9s dans plusieurs endroits comme dans <strong>l&rsquo;\u00c9glise-Sanctuaire de Demetra<\/strong> ou dans la <strong>N\u00e9cropole Pezzino<\/strong>, mais surtout \u00e0 <strong>Santa Maria dei Greci<\/strong>.  <\/p><p>Pour toutes ces raisons, la visite doit \u00eatre compl\u00e8te et non partielle.<\/p>\t\t\t\t\t\t<\/div>\n\t\t\t\t<\/div>\n\t\t\t\t\t<\/div>\n\t\t<\/div>\n\t\t\t\t<div class=\"elementor-column elementor-col-25 elementor-inner-column elementor-element elementor-element-3514207 elementor-hidden-tablet elementor-hidden-mobile\" data-id=\"3514207\" data-element_type=\"column\">\n\t\t\t<div class=\"elementor-widget-wrap\">\n\t\t\t\t\t\t\t<\/div>\n\t\t<\/div>\n\t\t\t\t\t<\/div>\n\t\t<\/section>\n\t\t\t\t\t<\/div>\n\t\t<\/div>\n\t\t\t\t\t<\/div>\n\t\t<\/section>\n\t\t\t\t<\/div>\n\t\t","protected":false},"excerpt":{"rendered":"<p>INTRODUCTION \u00c0 L&rsquo;HISTOIRE D\u2019AGRIGENTE Agrigente a \u00e9t\u00e9 fond\u00e9e au VIe si\u00e8cle avant JC par les grecs de Rhodes dans la plaine dans laquelle se trouve la Vall\u00e9e des Temples (l&rsquo;un des biens du patrimoine mondial de l&rsquo;humanit\u00e9 de l&rsquo;Unesco). Plusieurs noms ont \u00e9t\u00e9 donn\u00e9s \u00e0 cette ville : Akragas (grec), Agrigentum (latin), Kerkent (arabe), Girgenti [&hellip;]<\/p>\n","protected":false},"author":1,"featured_media":0,"parent":0,"menu_order":0,"comment_status":"closed","ping_status":"closed","template":"","meta":{"site-sidebar-layout":"default","site-content-layout":"","ast-site-content-layout":"","site-content-style":"default","site-sidebar-style":"default","ast-global-header-display":"","ast-banner-title-visibility":"","ast-main-header-display":"","ast-hfb-above-header-display":"","ast-hfb-below-header-display":"","ast-hfb-mobile-header-display":"","site-post-title":"","ast-breadcrumbs-content":"","ast-featured-img":"","footer-sml-layout":"","theme-transparent-header-meta":"","adv-header-id-meta":"","stick-header-meta":"","header-above-stick-meta":"","header-main-stick-meta":"","header-below-stick-meta":"","astra-migrate-meta-layouts":"default","ast-page-background-enabled":"default","ast-page-background-meta":{"desktop":{"background-color":"var(--ast-global-color-4)","background-image":"","background-repeat":"repeat","background-position":"center center","background-size":"auto","background-attachment":"scroll","background-type":"","background-media":"","overlay-type":"","overlay-color":"","overlay-gradient":""},"tablet":{"background-color":"","background-image":"","background-repeat":"repeat","background-position":"center center","background-size":"auto","background-attachment":"scroll","background-type":"","background-media":"","overlay-type":"","overlay-color":"","overlay-gradient":""},"mobile":{"background-color":"","background-image":"","background-repeat":"repeat","background-position":"center center","background-size":"auto","background-attachment":"scroll","background-type":"","background-media":"","overlay-type":"","overlay-color":"","overlay-gradient":""}},"ast-content-background-meta":{"desktop":{"background-color":"var(--ast-global-color-5)","background-image":"","background-repeat":"repeat","background-position":"center center","background-size":"auto","background-attachment":"scroll","background-type":"","background-media":"","overlay-type":"","overlay-color":"","overlay-gradient":""},"tablet":{"background-color":"var(--ast-global-color-5)","background-image":"","background-repeat":"repeat","background-position":"center center","background-size":"auto","background-attachment":"scroll","background-type":"","background-media":"","overlay-type":"","overlay-color":"","overlay-gradient":""},"mobile":{"background-color":"var(--ast-global-color-5)","background-image":"","background-repeat":"repeat","background-position":"center center","background-size":"auto","background-attachment":"scroll","background-type":"","background-media":"","overlay-type":"","overlay-color":"","overlay-gradient":""}},"footnotes":""},"_links":{"self":[{"href":"https:\/\/prolocoagrigento.it\/fr\/wp-json\/wp\/v2\/pages\/2259"}],"collection":[{"href":"https:\/\/prolocoagrigento.it\/fr\/wp-json\/wp\/v2\/pages"}],"about":[{"href":"https:\/\/prolocoagrigento.it\/fr\/wp-json\/wp\/v2\/types\/page"}],"author":[{"embeddable":true,"href":"https:\/\/prolocoagrigento.it\/fr\/wp-json\/wp\/v2\/users\/1"}],"replies":[{"embeddable":true,"href":"https:\/\/prolocoagrigento.it\/fr\/wp-json\/wp\/v2\/comments?post=2259"}],"version-history":[{"count":1,"href":"https:\/\/prolocoagrigento.it\/fr\/wp-json\/wp\/v2\/pages\/2259\/revisions"}],"predecessor-version":[{"id":2260,"href":"https:\/\/prolocoagrigento.it\/fr\/wp-json\/wp\/v2\/pages\/2259\/revisions\/2260"}],"wp:attachment":[{"href":"https:\/\/prolocoagrigento.it\/fr\/wp-json\/wp\/v2\/media?parent=2259"}],"curies":[{"name":"wp","href":"https:\/\/api.w.org\/{rel}","templated":true}]}}