{"id":2252,"date":"2017-06-10T08:21:56","date_gmt":"2017-06-10T06:21:56","guid":{"rendered":"https:\/\/prolocoagrigento.it\/home\/"},"modified":"2024-02-14T10:22:22","modified_gmt":"2024-02-14T09:22:22","slug":"home","status":"publish","type":"page","link":"https:\/\/prolocoagrigento.it\/fr\/","title":{"rendered":"Home"},"content":{"rendered":"<style>\/*! elementor-pro - v3.19.0 - 07-02-2024 *\/\n.elementor-slides .swiper-slide-bg{background-size:cover;background-position:50%;background-repeat:no-repeat;min-width:100%;min-height:100%}.elementor-slides .swiper-slide-inner{background-repeat:no-repeat;background-position:50%;position:absolute;top:0;left:0;bottom:0;right:0;padding:50px;margin:auto}.elementor-slides .swiper-slide-inner,.elementor-slides .swiper-slide-inner:hover{color:#fff;display:flex}.elementor-slides .swiper-slide-inner .elementor-background-overlay{position:absolute;z-index:0;top:0;bottom:0;left:0;right:0}.elementor-slides .swiper-slide-inner .elementor-slide-content{position:relative;z-index:1;width:100%}.elementor-slides .swiper-slide-inner .elementor-slide-heading{font-size:35px;font-weight:700;line-height:1}.elementor-slides .swiper-slide-inner .elementor-slide-description{font-size:17px;line-height:1.4}.elementor-slides .swiper-slide-inner .elementor-slide-description:not(:last-child),.elementor-slides .swiper-slide-inner .elementor-slide-heading:not(:last-child){margin-bottom:30px}.elementor-slides .swiper-slide-inner .elementor-slide-button{border:2px solid #fff;color:#fff;background:transparent;display:inline-block}.elementor-slides .swiper-slide-inner .elementor-slide-button,.elementor-slides .swiper-slide-inner .elementor-slide-button:hover{background:transparent;color:inherit;text-decoration:none}.elementor--v-position-top .swiper-slide-inner{align-items:flex-start}.elementor--v-position-bottom .swiper-slide-inner{align-items:flex-end}.elementor--v-position-middle .swiper-slide-inner{align-items:center}.elementor--h-position-left .swiper-slide-inner{justify-content:flex-start}.elementor--h-position-right .swiper-slide-inner{justify-content:flex-end}.elementor--h-position-center .swiper-slide-inner{justify-content:center}body.rtl .elementor-widget-slides .elementor-swiper-button-next{left:10px;right:auto}body.rtl .elementor-widget-slides .elementor-swiper-button-prev{right:10px;left:auto}.elementor-slides-wrapper div:not(.swiper-slide)>.swiper-slide-inner{display:none}@media (max-width:767px){.elementor-slides .swiper-slide-inner{padding:30px}.elementor-slides .swiper-slide-inner .elementor-slide-heading{font-size:23px;line-height:1;margin-bottom:15px}.elementor-slides .swiper-slide-inner .elementor-slide-description{font-size:13px;line-height:1.4;margin-bottom:15px}}<\/style>\n<p>\t\t\t\t\t\t\t\t\t\tEspace d\u00e9di\u00e9 \u00e0 la villeHistoire, folklore, art, saveurs et traditions d\u2019Agrigente\n\t\t\t<link rel=\"stylesheet\" href=\"https:\/\/prolocoagrigento.it\/wp-content\/plugins\/elementor\/assets\/css\/widget-icon-box.min.css\">\n<h3>\n\t\t\t\t\t\tAGRIGENTE<br \/>\n\t\t\t\t<\/h3>\n<p>\n\t\t\t\t\t\tD\u00e9couvrez l\u2019histoire de notre ville\t\t\t\t\t<\/p>\n<p>\t\t\t<a href=\"https:\/\/prolocoagrigento.it\/fr\/introduction-a-lhistoire\/\"><br \/>\n\t\t\t\t\t\tEn savoir plus<br \/>\n\t\t\t\t\t<\/a><\/p>\n<h3>\n\t\t\t\t\t\tPOUR LES TOURISTES<br \/>\n\t\t\t\t<\/h3>\n<p>\n\t\t\t\t\t\tComment explorer la ville et autres\t\t\t\t\t<\/p>\n<p>\t\t\t<a href=\"https:\/\/prolocoagrigento.it\/en\/move-by-bus\/\"><br \/>\n\t\t\t\t\t\tEn savoir plus<br \/>\n\t\t\t\t\t<\/a><\/p>\n<h3>\n\t\t\t\t\t\tPROLOCO<br \/>\n\t\t\t\t<\/h3>\n<p>\n\t\t\t\t\t\tD\u00e9couvrez PRO LOCO Agrigente\t\t\t\t\t<\/p>\n<p>\t\t\t<a href=\"https:\/\/prolocoagrigento.it\/fr\/qui-nous-sommes\/\"><br \/>\n\t\t\t\t\t\tEn savoir plus<br \/>\n\t\t\t\t\t<\/a><\/p>\n<h3>\n\t\t\t\t\t\tBIENVENUE \u00c0 AGRIGENTE<br \/>\n\t\t\t\t<\/h3>\n<p><em><strong>Akragas<\/strong><\/em>, ancien nom grec de la <strong>ville d\u2019Agrigente<\/strong>, fut fond\u00e9e en 580 avant JC et connut son apog\u00e9e pendant le Ve si\u00e8cle, juste avant son d\u00e9clin avec la <strong>guerre de PUNIC<\/strong>. Elle fut une des colonies grecques les plus florissantes et les plus importantes du c\u00f4t\u00e9 ouest. La magnifique <strong>vall\u00e9e des temples<\/strong>, ainsi que les reliques inestimables expos\u00e9es au <strong>mus\u00e9e arch\u00e9ologique Gryphon<\/strong>, t\u00e9moignent de cette \u00e9poque. D\u2019ailleurs, la plupart des touristes commencent la visite de notre ville par la vall\u00e9e des temples.    <\/p>\n<p>Mais s\u2019en tenir \u00e0 la dimension arch\u00e9ologique serait r\u00e9ducteur et incomplet. Cette <strong>ville a en effet beaucoup de ressources<\/strong>, en commen\u00e7ant par le centre historique. Construit tout d\u2019abord par les <em>Akragantins<\/em>, puis d\u00e9velopp\u00e9 successivement par les <em>Arabes<\/em>, par les <em>Espagnols<\/em> puis par les <em>Fran\u00e7ais<\/em>. Une culture influenc\u00e9e par tant de diff\u00e9rents gouvernements que le style et les habitudes de vie de ses habitants ont chang\u00e9 maintes fois au cours de l\u2019histoire.  <\/p>\n<style>\/*! elementor - v3.19.0 - 07-02-2024 *\/\n.elementor-heading-title{padding:0;margin:0;line-height:1}.elementor-widget-heading .elementor-heading-title[class*=elementor-size-]>a{color:inherit;font-size:inherit;line-height:inherit}.elementor-widget-heading .elementor-heading-title.elementor-size-small{font-size:15px}.elementor-widget-heading .elementor-heading-title.elementor-size-medium{font-size:19px}.elementor-widget-heading .elementor-heading-title.elementor-size-large{font-size:29px}.elementor-widget-heading .elementor-heading-title.elementor-size-xl{font-size:39px}.elementor-widget-heading .elementor-heading-title.elementor-size-xxl{font-size:59px}<\/style>\n<h2>Vous visitez la ville ?<\/h2>\n<p>D\u00e9couvrez les recoins extraordinaires de cette ville, ses \u00e9glises, ses mus\u00e9es, les expositions artistiques ainsi que l\u2019extraordinaire Vall\u00e9e des Temples, un site arch\u00e9ologique datant d\u2019avant.<\/p>\n<p>\t\t\t<a href=\"https:\/\/prolocoagrigento.it\/en\/a-tour-in-the-city\/\"><br \/>\n\t\t\t\t\t\tEn savoir plus<br \/>\n\t\t\t\t\t<\/a><\/p>\n<style>\/*! elementor - v3.19.0 - 07-02-2024 *\/\n.elementor-column .elementor-spacer-inner{height:var(--spacer-size)}.e-con{--container-widget-width:100%}.e-con-inner>.elementor-widget-spacer,.e-con>.elementor-widget-spacer{width:var(--container-widget-width,var(--spacer-size));--align-self:var(--container-widget-align-self,initial);--flex-shrink:0}.e-con-inner>.elementor-widget-spacer>.elementor-widget-container,.e-con>.elementor-widget-spacer>.elementor-widget-container{height:100%;width:100%}.e-con-inner>.elementor-widget-spacer>.elementor-widget-container>.elementor-spacer,.e-con>.elementor-widget-spacer>.elementor-widget-container>.elementor-spacer{height:100%}.e-con-inner>.elementor-widget-spacer>.elementor-widget-container>.elementor-spacer>.elementor-spacer-inner,.e-con>.elementor-widget-spacer>.elementor-widget-container>.elementor-spacer>.elementor-spacer-inner{height:var(--container-widget-height,var(--spacer-size))}.e-con-inner>.elementor-widget-spacer.elementor-widget-empty,.e-con>.elementor-widget-spacer.elementor-widget-empty{position:relative;min-height:22px;min-width:22px}.e-con-inner>.elementor-widget-spacer.elementor-widget-empty .elementor-widget-empty-icon,.e-con>.elementor-widget-spacer.elementor-widget-empty .elementor-widget-empty-icon{position:absolute;top:0;bottom:0;left:0;right:0;margin:auto;padding:0;width:22px;height:22px}<\/style>\n<h3>\n\t\t\t\t\t\tLe saviez-vous ?<br \/>\n\t\t\t\t<\/h3>\n<p>\n\t\t\t\t\t\tAgrigente changea de nom plusieurs fois au cours de l\u2019histoire. Les grecs l\u2019appelaient Akragas, les romains Agrigentum, les arabes Kerkent, et les normands l&rsquo;ont finalement appel\u00e9 Girgenti. Ce dernier nom est encore utilis\u00e9 pour d\u00e9signer le centre historique de la ville. \t\t\t\t\t<\/p>\n<h2>Vous souhaitez visiter les alentours ?<\/h2>\n<p>D\u00e9couvrez l&rsquo;arri\u00e8re-pays de la r\u00e9gion, de la Scala dei Turchi (escalier des turcs) jusqu\u2019au pied du mont Sicani, en passant par le th\u00e9\u00e2tre d&rsquo;Androm\u00e8de.<\/p>\n<p>\t\t\t<a href=\"https:\/\/prolocoagrigento.it\/en\/beyond-the-city\/\"><br \/>\n\t\t\t\t\t\tEn savoir plus<br \/>\n\t\t\t\t\t<\/a><\/p>\n<h3>\n\t\t\t\t\t\tLe saviez-vous ?<br \/>\n\t\t\t\t<\/h3>\n<p>\n\t\t\t\t\t\tIl est souvent dit de La Scala dei Turchi qu\u2019elle appartient \u00e0 la commune d\u2019Agrigente, de par sa localisation. En r\u00e9alit\u00e9, \u00e7a se trouve \u00e0 la fronti\u00e8re des communes de Porto Empedocle et de Realmonte. \t\t\t\t\t<\/p>\n","protected":false},"excerpt":{"rendered":"<p>Espace d\u00e9di\u00e9 \u00e0 la villeHistoire, folklore, art, saveurs et traditions d\u2019Agrigente AGRIGENTE D\u00e9couvrez l\u2019histoire de notre ville En savoir plus POUR LES TOURISTES Comment explorer la ville et autres En savoir plus PROLOCO D\u00e9couvrez PRO LOCO Agrigente En savoir plus BIENVENUE \u00c0 AGRIGENTE Akragas, ancien nom grec de la ville d\u2019Agrigente, fut fond\u00e9e en 580 [&hellip;]<\/p>\n","protected":false},"author":1,"featured_media":0,"parent":0,"menu_order":0,"comment_status":"closed","ping_status":"closed","template":"","meta":{"site-sidebar-layout":"default","site-content-layout":"","ast-site-content-layout":"default","site-content-style":"default","site-sidebar-style":"default","ast-global-header-display":"","ast-banner-title-visibility":"","ast-main-header-display":"","ast-hfb-above-header-display":"","ast-hfb-below-header-display":"","ast-hfb-mobile-header-display":"","site-post-title":"","ast-breadcrumbs-content":"","ast-featured-img":"","footer-sml-layout":"","theme-transparent-header-meta":"","adv-header-id-meta":"","stick-header-meta":"","header-above-stick-meta":"","header-main-stick-meta":"","header-below-stick-meta":"","astra-migrate-meta-layouts":"default","ast-page-background-enabled":"default","ast-page-background-meta":{"desktop":{"background-color":"var(--ast-global-color-4)","background-image":"","background-repeat":"repeat","background-position":"center center","background-size":"auto","background-attachment":"scroll","background-type":"","background-media":"","overlay-type":"","overlay-color":"","overlay-gradient":""},"tablet":{"background-color":"","background-image":"","background-repeat":"repeat","background-position":"center center","background-size":"auto","background-attachment":"scroll","background-type":"","background-media":"","overlay-type":"","overlay-color":"","overlay-gradient":""},"mobile":{"background-color":"","background-image":"","background-repeat":"repeat","background-position":"center center","background-size":"auto","background-attachment":"scroll","background-type":"","background-media":"","overlay-type":"","overlay-color":"","overlay-gradient":""}},"ast-content-background-meta":{"desktop":{"background-color":"var(--ast-global-color-5)","background-image":"","background-repeat":"repeat","background-position":"center center","background-size":"auto","background-attachment":"scroll","background-type":"","background-media":"","overlay-type":"","overlay-color":"","overlay-gradient":""},"tablet":{"background-color":"var(--ast-global-color-5)","background-image":"","background-repeat":"repeat","background-position":"center center","background-size":"auto","background-attachment":"scroll","background-type":"","background-media":"","overlay-type":"","overlay-color":"","overlay-gradient":""},"mobile":{"background-color":"var(--ast-global-color-5)","background-image":"","background-repeat":"repeat","background-position":"center center","background-size":"auto","background-attachment":"scroll","background-type":"","background-media":"","overlay-type":"","overlay-color":"","overlay-gradient":""}},"footnotes":""},"_links":{"self":[{"href":"https:\/\/prolocoagrigento.it\/fr\/wp-json\/wp\/v2\/pages\/2252"}],"collection":[{"href":"https:\/\/prolocoagrigento.it\/fr\/wp-json\/wp\/v2\/pages"}],"about":[{"href":"https:\/\/prolocoagrigento.it\/fr\/wp-json\/wp\/v2\/types\/page"}],"author":[{"embeddable":true,"href":"https:\/\/prolocoagrigento.it\/fr\/wp-json\/wp\/v2\/users\/1"}],"replies":[{"embeddable":true,"href":"https:\/\/prolocoagrigento.it\/fr\/wp-json\/wp\/v2\/comments?post=2252"}],"version-history":[{"count":21,"href":"https:\/\/prolocoagrigento.it\/fr\/wp-json\/wp\/v2\/pages\/2252\/revisions"}],"predecessor-version":[{"id":2538,"href":"https:\/\/prolocoagrigento.it\/fr\/wp-json\/wp\/v2\/pages\/2252\/revisions\/2538"}],"wp:attachment":[{"href":"https:\/\/prolocoagrigento.it\/fr\/wp-json\/wp\/v2\/media?parent=2252"}],"curies":[{"name":"wp","href":"https:\/\/api.w.org\/{rel}","templated":true}]}}