{"id":1967,"date":"2019-05-23T10:57:26","date_gmt":"2019-05-23T08:57:26","guid":{"rendered":"https:\/\/prolocoagrigento.it\/desplazarse-en-coche\/"},"modified":"2023-02-20T13:15:11","modified_gmt":"2023-02-20T12:15:11","slug":"desplazarse-en-coche","status":"publish","type":"page","link":"https:\/\/prolocoagrigento.it\/es\/desplazarse-en-coche\/","title":{"rendered":"Desplazarse en Coche"},"content":{"rendered":"\t\t<div data-elementor-type=\"wp-page\" data-elementor-id=\"1967\" class=\"elementor elementor-1967 elementor-1254\" data-elementor-post-type=\"page\">\n\t\t\t\t\t\t<section class=\"elementor-section elementor-top-section elementor-element elementor-element-5735077 elementor-section-boxed elementor-section-height-default elementor-section-height-default\" data-id=\"5735077\" data-element_type=\"section\">\n\t\t\t\t\t\t<div class=\"elementor-container elementor-column-gap-default\">\n\t\t\t\t\t<div class=\"elementor-column elementor-col-100 elementor-top-column elementor-element elementor-element-966d92d\" data-id=\"966d92d\" data-element_type=\"column\">\n\t\t\t<div class=\"elementor-widget-wrap elementor-element-populated\">\n\t\t\t\t\t\t<div class=\"elementor-element elementor-element-3662c9e elementor-view-default elementor-position-top elementor-mobile-position-top elementor-widget elementor-widget-icon-box\" data-id=\"3662c9e\" data-element_type=\"widget\" data-widget_type=\"icon-box.default\">\n\t\t\t\t<div class=\"elementor-widget-container\">\n\t\t\t<link rel=\"stylesheet\" href=\"https:\/\/prolocoagrigento.it\/wp-content\/plugins\/elementor\/assets\/css\/widget-icon-box.min.css\">\t\t<div class=\"elementor-icon-box-wrapper\">\n\t\t\t\t\t\t<div class=\"elementor-icon-box-icon\">\n\t\t\t\t<span  class=\"elementor-icon elementor-animation-\">\n\t\t\t\t<i aria-hidden=\"true\" class=\"fas fa-map-marker-alt\"><\/i>\t\t\t\t<\/span>\n\t\t\t<\/div>\n\t\t\t\t\t\t<div class=\"elementor-icon-box-content\">\n\t\t\t\t<h3 class=\"elementor-icon-box-title\">\n\t\t\t\t\t<span  >\n\t\t\t\t\t\tDESPLAZARSE EN COCHE\t\t\t\t\t<\/span>\n\t\t\t\t<\/h3>\n\t\t\t\t\t\t\t<\/div>\n\t\t<\/div>\n\t\t\t\t<\/div>\n\t\t\t\t<\/div>\n\t\t\t\t<div class=\"elementor-element elementor-element-35948d5 elementor-widget elementor-widget-text-editor\" data-id=\"35948d5\" data-element_type=\"widget\" data-widget_type=\"text-editor.default\">\n\t\t\t\t<div class=\"elementor-widget-container\">\n\t\t\t<style>\/*! elementor - v3.19.0 - 07-02-2024 *\/\n.elementor-widget-text-editor.elementor-drop-cap-view-stacked .elementor-drop-cap{background-color:#69727d;color:#fff}.elementor-widget-text-editor.elementor-drop-cap-view-framed .elementor-drop-cap{color:#69727d;border:3px solid;background-color:transparent}.elementor-widget-text-editor:not(.elementor-drop-cap-view-default) .elementor-drop-cap{margin-top:8px}.elementor-widget-text-editor:not(.elementor-drop-cap-view-default) .elementor-drop-cap-letter{width:1em;height:1em}.elementor-widget-text-editor .elementor-drop-cap{float:left;text-align:center;line-height:1;font-size:50px}.elementor-widget-text-editor .elementor-drop-cap-letter{display:inline-block}<\/style>\t\t\t\t<p>Desplazarse en coche es siempre lo m\u00e1s dif\u00edcil para los turistas que no conocen la ciudad, sobre todo cuando se trata de aparcar. En esta p\u00e1gina, precisamente, queremos mostrarte d\u00f3nde <strong><a href=\"#parcheggio\">aparcar con seguridad<\/a><\/strong> en el centro.  Recuerda que, sobre todo en el centro, hay muchas l\u00edneas azules. Los billetes se pueden comprar en las garitas situadas cerca de estas plazas de aparcamiento. <\/p><p>Tambi\u00e9n hay una ZTL (zona de tr\u00e1fico limitado) en el centro hist\u00f3rico (en Via Atenea). <b>Horas de ZTL en vigor a partir del 4 de diciembre de 2022:<\/b><\/p><p>9.30 \/ 13.00 y 17.00 \/ 24.00 (en d\u00edas laborables de lunes a jueves);<br>9.30 \/ 13.00 y 17.00 \/ 2.00 (viernes, s\u00e1bado, v\u00edsperas de festivos);<br>17.00 \/ 2.00 (en festivos).<\/p>\t\t\t\t\t\t<\/div>\n\t\t\t\t<\/div>\n\t\t\t\t\t<\/div>\n\t\t<\/div>\n\t\t\t\t\t<\/div>\n\t\t<\/section>\n\t\t\t\t<section class=\"elementor-section elementor-top-section elementor-element elementor-element-79ff6b5 elementor-section-boxed elementor-section-height-default elementor-section-height-default\" data-id=\"79ff6b5\" data-element_type=\"section\" id=\"parcheggio\">\n\t\t\t\t\t\t<div class=\"elementor-container elementor-column-gap-default\">\n\t\t\t\t\t<div class=\"elementor-column elementor-col-50 elementor-top-column elementor-element elementor-element-a04059d elementor-hidden-desktop elementor-hidden-tablet elementor-hidden-mobile\" data-id=\"a04059d\" data-element_type=\"column\">\n\t\t\t<div class=\"elementor-widget-wrap elementor-element-populated\">\n\t\t\t\t\t\t<div class=\"elementor-element elementor-element-b952457 elementor-position-top elementor-widget elementor-widget-image-box\" data-id=\"b952457\" data-element_type=\"widget\" data-widget_type=\"image-box.default\">\n\t\t\t\t<div class=\"elementor-widget-container\">\n\t\t\t<style>\/*! elementor - v3.19.0 - 07-02-2024 *\/\n.elementor-widget-image-box .elementor-image-box-content{width:100%}@media (min-width:768px){.elementor-widget-image-box.elementor-position-left .elementor-image-box-wrapper,.elementor-widget-image-box.elementor-position-right .elementor-image-box-wrapper{display:flex}.elementor-widget-image-box.elementor-position-right .elementor-image-box-wrapper{text-align:right;flex-direction:row-reverse}.elementor-widget-image-box.elementor-position-left .elementor-image-box-wrapper{text-align:left;flex-direction:row}.elementor-widget-image-box.elementor-position-top .elementor-image-box-img{margin:auto}.elementor-widget-image-box.elementor-vertical-align-top .elementor-image-box-wrapper{align-items:flex-start}.elementor-widget-image-box.elementor-vertical-align-middle .elementor-image-box-wrapper{align-items:center}.elementor-widget-image-box.elementor-vertical-align-bottom .elementor-image-box-wrapper{align-items:flex-end}}@media (max-width:767px){.elementor-widget-image-box .elementor-image-box-img{margin-left:auto!important;margin-right:auto!important;margin-bottom:15px}}.elementor-widget-image-box .elementor-image-box-img{display:inline-block}.elementor-widget-image-box .elementor-image-box-title a{color:inherit}.elementor-widget-image-box .elementor-image-box-wrapper{text-align:center}.elementor-widget-image-box .elementor-image-box-description{margin:0}<\/style><div class=\"elementor-image-box-wrapper\"><figure class=\"elementor-image-box-img\"><img fetchpriority=\"high\" decoding=\"async\" width=\"450\" height=\"249\" src=\"https:\/\/prolocoagrigento.it\/wp-content\/uploads\/2021\/07\/atenea-parking.png\" class=\"attachment-full size-full wp-image-1346\" alt=\"\" srcset=\"https:\/\/prolocoagrigento.it\/wp-content\/uploads\/2021\/07\/atenea-parking.png 450w, https:\/\/prolocoagrigento.it\/wp-content\/uploads\/2021\/07\/atenea-parking-300x166.png 300w\" sizes=\"(max-width: 450px) 100vw, 450px\" \/><\/figure><div class=\"elementor-image-box-content\"><h3 class=\"elementor-image-box-title\">ATENEA PARKING<\/h3><p class=\"elementor-image-box-description\"><b>PARKING CON VIDEOVIGILANCIA<\/b><br>\nVia Empedocle, 29 - 92100 AGRIGENTO<br>\nTel.: 0922 215 17<\/p><\/div><\/div>\t\t<\/div>\n\t\t\t\t<\/div>\n\t\t\t\t<div class=\"elementor-element elementor-element-c90a727 elementor-align-center elementor-widget elementor-widget-button\" data-id=\"c90a727\" data-element_type=\"widget\" data-widget_type=\"button.default\">\n\t\t\t\t<div class=\"elementor-widget-container\">\n\t\t\t\t\t<div class=\"elementor-button-wrapper\">\n\t\t\t<a class=\"elementor-button elementor-button-link elementor-size-md\" href=\"https:\/\/goo.gl\/maps\/apfLEPMGbG8cBYTe9\">\n\t\t\t\t\t\t<span class=\"elementor-button-content-wrapper\">\n\t\t\t\t\t\t<span class=\"elementor-button-icon elementor-align-icon-right\">\n\t\t\t\t<i aria-hidden=\"true\" class=\"fas fa-chevron-right\"><\/i>\t\t\t<\/span>\n\t\t\t\t\t\t<span class=\"elementor-button-text\">Ver en Mapas<\/span>\n\t\t<\/span>\n\t\t\t\t\t<\/a>\n\t\t<\/div>\n\t\t\t\t<\/div>\n\t\t\t\t<\/div>\n\t\t\t\t\t<\/div>\n\t\t<\/div>\n\t\t\t\t<div class=\"elementor-column elementor-col-50 elementor-top-column elementor-element elementor-element-edccf46\" data-id=\"edccf46\" data-element_type=\"column\">\n\t\t\t<div class=\"elementor-widget-wrap elementor-element-populated\">\n\t\t\t\t\t\t<div class=\"elementor-element elementor-element-3cfed35 elementor-position-top elementor-widget elementor-widget-image-box\" data-id=\"3cfed35\" data-element_type=\"widget\" data-widget_type=\"image-box.default\">\n\t\t\t\t<div class=\"elementor-widget-container\">\n\t\t\t<div class=\"elementor-image-box-wrapper\"><figure class=\"elementor-image-box-img\"><img decoding=\"async\" width=\"450\" height=\"249\" src=\"https:\/\/prolocoagrigento.it\/wp-content\/uploads\/2021\/07\/parcheggio-pirandello.png\" class=\"attachment-full size-full wp-image-1347\" alt=\"\" srcset=\"https:\/\/prolocoagrigento.it\/wp-content\/uploads\/2021\/07\/parcheggio-pirandello.png 450w, https:\/\/prolocoagrigento.it\/wp-content\/uploads\/2021\/07\/parcheggio-pirandello-300x166.png 300w\" sizes=\"(max-width: 450px) 100vw, 450px\" \/><\/figure><div class=\"elementor-image-box-content\"><h3 class=\"elementor-image-box-title\">PARKING PIRANDELLO<\/h3><p class=\"elementor-image-box-description\"><b>PARKING CON VIDEOVIGILANCIA<\/b><br>\nVia Acrone, 5 - 92100 AGRIGENTO<br>\nA 100 metros de la estaci\u00f3n de tren Agrigento Centrale<\/p><\/div><\/div>\t\t<\/div>\n\t\t\t\t<\/div>\n\t\t\t\t<div class=\"elementor-element elementor-element-f73146e elementor-align-center elementor-widget elementor-widget-button\" data-id=\"f73146e\" data-element_type=\"widget\" data-widget_type=\"button.default\">\n\t\t\t\t<div class=\"elementor-widget-container\">\n\t\t\t\t\t<div class=\"elementor-button-wrapper\">\n\t\t\t<a class=\"elementor-button elementor-button-link elementor-size-md\" href=\"https:\/\/goo.gl\/maps\/YB8s4khDYChVYgwL6\">\n\t\t\t\t\t\t<span class=\"elementor-button-content-wrapper\">\n\t\t\t\t\t\t<span class=\"elementor-button-icon elementor-align-icon-right\">\n\t\t\t\t<i aria-hidden=\"true\" class=\"fas fa-chevron-right\"><\/i>\t\t\t<\/span>\n\t\t\t\t\t\t<span class=\"elementor-button-text\">Ver en Mapas<\/span>\n\t\t<\/span>\n\t\t\t\t\t<\/a>\n\t\t<\/div>\n\t\t\t\t<\/div>\n\t\t\t\t<\/div>\n\t\t\t\t\t<\/div>\n\t\t<\/div>\n\t\t\t\t\t<\/div>\n\t\t<\/section>\n\t\t\t\t<\/div>\n\t\t","protected":false},"excerpt":{"rendered":"<p>DESPLAZARSE EN COCHE Desplazarse en coche es siempre lo m\u00e1s dif\u00edcil para los turistas que no conocen la ciudad, sobre todo cuando se trata de aparcar. En esta p\u00e1gina, precisamente, queremos mostrarte d\u00f3nde aparcar con seguridad en el centro. Recuerda que, sobre todo en el centro, hay muchas l\u00edneas azules. Los billetes se pueden comprar [&hellip;]<\/p>\n","protected":false},"author":1,"featured_media":0,"parent":0,"menu_order":0,"comment_status":"closed","ping_status":"closed","template":"","meta":{"site-sidebar-layout":"default","site-content-layout":"","ast-site-content-layout":"","site-content-style":"default","site-sidebar-style":"default","ast-global-header-display":"","ast-banner-title-visibility":"","ast-main-header-display":"","ast-hfb-above-header-display":"","ast-hfb-below-header-display":"","ast-hfb-mobile-header-display":"","site-post-title":"","ast-breadcrumbs-content":"","ast-featured-img":"","footer-sml-layout":"","theme-transparent-header-meta":"","adv-header-id-meta":"","stick-header-meta":"","header-above-stick-meta":"","header-main-stick-meta":"","header-below-stick-meta":"","astra-migrate-meta-layouts":"default","ast-page-background-enabled":"default","ast-page-background-meta":{"desktop":{"background-color":"var(--ast-global-color-4)","background-image":"","background-repeat":"repeat","background-position":"center center","background-size":"auto","background-attachment":"scroll","background-type":"","background-media":"","overlay-type":"","overlay-color":"","overlay-gradient":""},"tablet":{"background-color":"","background-image":"","background-repeat":"repeat","background-position":"center center","background-size":"auto","background-attachment":"scroll","background-type":"","background-media":"","overlay-type":"","overlay-color":"","overlay-gradient":""},"mobile":{"background-color":"","background-image":"","background-repeat":"repeat","background-position":"center center","background-size":"auto","background-attachment":"scroll","background-type":"","background-media":"","overlay-type":"","overlay-color":"","overlay-gradient":""}},"ast-content-background-meta":{"desktop":{"background-color":"var(--ast-global-color-5)","background-image":"","background-repeat":"repeat","background-position":"center center","background-size":"auto","background-attachment":"scroll","background-type":"","background-media":"","overlay-type":"","overlay-color":"","overlay-gradient":""},"tablet":{"background-color":"var(--ast-global-color-5)","background-image":"","background-repeat":"repeat","background-position":"center center","background-size":"auto","background-attachment":"scroll","background-type":"","background-media":"","overlay-type":"","overlay-color":"","overlay-gradient":""},"mobile":{"background-color":"var(--ast-global-color-5)","background-image":"","background-repeat":"repeat","background-position":"center center","background-size":"auto","background-attachment":"scroll","background-type":"","background-media":"","overlay-type":"","overlay-color":"","overlay-gradient":""}},"footnotes":""},"_links":{"self":[{"href":"https:\/\/prolocoagrigento.it\/es\/wp-json\/wp\/v2\/pages\/1967"}],"collection":[{"href":"https:\/\/prolocoagrigento.it\/es\/wp-json\/wp\/v2\/pages"}],"about":[{"href":"https:\/\/prolocoagrigento.it\/es\/wp-json\/wp\/v2\/types\/page"}],"author":[{"embeddable":true,"href":"https:\/\/prolocoagrigento.it\/es\/wp-json\/wp\/v2\/users\/1"}],"replies":[{"embeddable":true,"href":"https:\/\/prolocoagrigento.it\/es\/wp-json\/wp\/v2\/comments?post=1967"}],"version-history":[{"count":4,"href":"https:\/\/prolocoagrigento.it\/es\/wp-json\/wp\/v2\/pages\/1967\/revisions"}],"predecessor-version":[{"id":2275,"href":"https:\/\/prolocoagrigento.it\/es\/wp-json\/wp\/v2\/pages\/1967\/revisions\/2275"}],"wp:attachment":[{"href":"https:\/\/prolocoagrigento.it\/es\/wp-json\/wp\/v2\/media?parent=1967"}],"curies":[{"name":"wp","href":"https:\/\/api.w.org\/{rel}","templated":true}]}}