{"id":1961,"date":"2017-06-10T08:21:56","date_gmt":"2017-06-10T06:21:56","guid":{"rendered":"https:\/\/prolocoagrigento.it\/home\/"},"modified":"2024-02-14T10:22:47","modified_gmt":"2024-02-14T09:22:47","slug":"home","status":"publish","type":"page","link":"https:\/\/prolocoagrigento.it\/es\/","title":{"rendered":"Home"},"content":{"rendered":"<style>\/*! elementor-pro - v3.19.0 - 07-02-2024 *\/\n.elementor-slides .swiper-slide-bg{background-size:cover;background-position:50%;background-repeat:no-repeat;min-width:100%;min-height:100%}.elementor-slides .swiper-slide-inner{background-repeat:no-repeat;background-position:50%;position:absolute;top:0;left:0;bottom:0;right:0;padding:50px;margin:auto}.elementor-slides .swiper-slide-inner,.elementor-slides .swiper-slide-inner:hover{color:#fff;display:flex}.elementor-slides .swiper-slide-inner .elementor-background-overlay{position:absolute;z-index:0;top:0;bottom:0;left:0;right:0}.elementor-slides .swiper-slide-inner .elementor-slide-content{position:relative;z-index:1;width:100%}.elementor-slides .swiper-slide-inner .elementor-slide-heading{font-size:35px;font-weight:700;line-height:1}.elementor-slides .swiper-slide-inner .elementor-slide-description{font-size:17px;line-height:1.4}.elementor-slides .swiper-slide-inner .elementor-slide-description:not(:last-child),.elementor-slides .swiper-slide-inner .elementor-slide-heading:not(:last-child){margin-bottom:30px}.elementor-slides .swiper-slide-inner .elementor-slide-button{border:2px solid #fff;color:#fff;background:transparent;display:inline-block}.elementor-slides .swiper-slide-inner .elementor-slide-button,.elementor-slides .swiper-slide-inner .elementor-slide-button:hover{background:transparent;color:inherit;text-decoration:none}.elementor--v-position-top .swiper-slide-inner{align-items:flex-start}.elementor--v-position-bottom .swiper-slide-inner{align-items:flex-end}.elementor--v-position-middle .swiper-slide-inner{align-items:center}.elementor--h-position-left .swiper-slide-inner{justify-content:flex-start}.elementor--h-position-right .swiper-slide-inner{justify-content:flex-end}.elementor--h-position-center .swiper-slide-inner{justify-content:center}body.rtl .elementor-widget-slides .elementor-swiper-button-next{left:10px;right:auto}body.rtl .elementor-widget-slides .elementor-swiper-button-prev{right:10px;left:auto}.elementor-slides-wrapper div:not(.swiper-slide)>.swiper-slide-inner{display:none}@media (max-width:767px){.elementor-slides .swiper-slide-inner{padding:30px}.elementor-slides .swiper-slide-inner .elementor-slide-heading{font-size:23px;line-height:1;margin-bottom:15px}.elementor-slides .swiper-slide-inner .elementor-slide-description{font-size:13px;line-height:1.4;margin-bottom:15px}}<\/style>\n<p>\t\t\t\t\t\t\t\t\t\tESPACIO PARA LA CIUDADHistoria, folclore, arte, sabores y tradiciones de Agrigento\n\t\t\t<link rel=\"stylesheet\" href=\"https:\/\/prolocoagrigento.it\/wp-content\/plugins\/elementor\/assets\/css\/widget-icon-box.min.css\">\n<h3>\n\t\t\t\t\t\tAGRIGENTO<br \/>\n\t\t\t\t<\/h3>\n<p>\n\t\t\t\t\t\tDescubra la historia de nuestra ciudad\t\t\t\t\t<\/p>\n<p>\t\t\t<a href=\"https:\/\/prolocoagrigento.it\/es\/historia\/\"><br \/>\n\t\t\t\t\t\tM\u00e1s informaci\u00f3n<br \/>\n\t\t\t\t\t<\/a><\/p>\n<h3>\n\t\t\t\t\t\tPARA TURISTAS<br \/>\n\t\t\t\t<\/h3>\n<p>\n\t\t\t\t\t\tC\u00f3mo moverse por la ciudad y otras informaciones\t\t\t\t\t<\/p>\n<p>\t\t\t<a href=\"https:\/\/prolocoagrigento.it\/es\/moverse-en-bus\/\"><br \/>\n\t\t\t\t\t\tM\u00e1s informaci\u00f3n<br \/>\n\t\t\t\t\t<\/a><\/p>\n<h3>\n\t\t\t\t\t\tLA PROLOCO<br \/>\n\t\t\t\t<\/h3>\n<p>\n\t\t\t\t\t\tDescubra la Pro Loco de Agrigento\t\t\t\t\t<\/p>\n<p>\t\t\t<a href=\"https:\/\/prolocoagrigento.it\/es\/quienes-somos\/\"><br \/>\n\t\t\t\t\t\tM\u00e1s informaci\u00f3n<br \/>\n\t\t\t\t\t<\/a><\/p>\n<h3>\n\t\t\t\t\t\tBIENVENIDO A AGRIGENTO<br \/>\n\t\t\t\t<\/h3>\n<p><em><strong>Akragas<\/strong><\/em>, antiguo nombre de la <strong>ciudad de Agrigento<\/strong>, fue fundada en el a\u00f1o 580 a.C. y alcanz\u00f3 su m\u00e1ximo esplendor en el siglo V, justo antes de que empezase la decadencia con las <strong>guerras p\u00fanicas<\/strong>. Agrigento fue una de las colonias griegas m\u00e1s florecientes e importantes de Occidente. El magn\u00edfico <strong>Valle de los Templos<\/strong> y las inestimables exposiciones del <strong>Museo Arqueol\u00f3gico de Grifo<\/strong> as\u00ed lo atestiguan. Todo turista, de hecho, comienza su excursi\u00f3n en la zona de Agrigento con una visita al Valle de los Templos. [&#8230;]    <\/p>\n<p>Pero detenerse s\u00f3lo en la zona arqueol\u00f3gica ser\u00eda reductivo e incompleto. La <strong>ciudad tambi\u00e9n tiene much\u00edsimo que mostrar<\/strong>. Empezando por su centro hist\u00f3rico, construido primero por los <em>aragantinos<\/em>, luego por los <em>\u00e1rabes<\/em>y despu\u00e9s por los <em>espa\u00f1oles <\/em>y los <em>franceses<\/em>. Una cultura que ha sufrido tantas dominaciones que ha cambiado muchas veces el estilo y las costumbres de sus habitantes.  <\/p>\n<style>\/*! elementor - v3.19.0 - 07-02-2024 *\/\n.elementor-heading-title{padding:0;margin:0;line-height:1}.elementor-widget-heading .elementor-heading-title[class*=elementor-size-]>a{color:inherit;font-size:inherit;line-height:inherit}.elementor-widget-heading .elementor-heading-title.elementor-size-small{font-size:15px}.elementor-widget-heading .elementor-heading-title.elementor-size-medium{font-size:19px}.elementor-widget-heading .elementor-heading-title.elementor-size-large{font-size:29px}.elementor-widget-heading .elementor-heading-title.elementor-size-xl{font-size:39px}.elementor-widget-heading .elementor-heading-title.elementor-size-xxl{font-size:59px}<\/style>\n<h2>\u00bfVisitas la ciudad?<\/h2>\n<p>Descubra los extraordinarios rincones del casco antiguo, las iglesias, los museos, las exposiciones de arte y el extraordinario Valle de los Templos, uno de los lugares m\u00e1s antiguos de la Tierra.<\/p>\n<p>\t\t\t<a href=\"https:\/\/prolocoagrigento.it\/es\/un-paseo-por-la-ciudad\/\"><br \/>\n\t\t\t\t\t\tM\u00e1s informaci\u00f3n<br \/>\n\t\t\t\t\t<\/a><\/p>\n<style>\/*! elementor - v3.19.0 - 07-02-2024 *\/\n.elementor-column .elementor-spacer-inner{height:var(--spacer-size)}.e-con{--container-widget-width:100%}.e-con-inner>.elementor-widget-spacer,.e-con>.elementor-widget-spacer{width:var(--container-widget-width,var(--spacer-size));--align-self:var(--container-widget-align-self,initial);--flex-shrink:0}.e-con-inner>.elementor-widget-spacer>.elementor-widget-container,.e-con>.elementor-widget-spacer>.elementor-widget-container{height:100%;width:100%}.e-con-inner>.elementor-widget-spacer>.elementor-widget-container>.elementor-spacer,.e-con>.elementor-widget-spacer>.elementor-widget-container>.elementor-spacer{height:100%}.e-con-inner>.elementor-widget-spacer>.elementor-widget-container>.elementor-spacer>.elementor-spacer-inner,.e-con>.elementor-widget-spacer>.elementor-widget-container>.elementor-spacer>.elementor-spacer-inner{height:var(--container-widget-height,var(--spacer-size))}.e-con-inner>.elementor-widget-spacer.elementor-widget-empty,.e-con>.elementor-widget-spacer.elementor-widget-empty{position:relative;min-height:22px;min-width:22px}.e-con-inner>.elementor-widget-spacer.elementor-widget-empty .elementor-widget-empty-icon,.e-con>.elementor-widget-spacer.elementor-widget-empty .elementor-widget-empty-icon{position:absolute;top:0;bottom:0;left:0;right:0;margin:auto;padding:0;width:22px;height:22px}<\/style>\n<h3>\n\t\t\t\t\t\tCURIOSIDADES<br \/>\n\t\t\t\t<\/h3>\n<p>\n\t\t\t\t\t\tAgrigento ha cambiado varios nombres a lo largo de los siglos. Para los griegos era Akragas, Agrigentum para los romanos, Kerkent para los \u00e1rabes y los normandos la llamaron Girgenti, nombre actual del centro hist\u00f3rico en solitario. \t\t\t\t\t<\/p>\n<h2>\u00bfVisitas las afueras de la ciudad?<\/h2>\n<p>Descubra el interior de la regi\u00f3n Agrigentina, pasando por la Scala dei Turchi hasta los pies de los Monti Sicani y el Teatro de Andr\u00f3meda en S. Stefano di Quisquina.<\/p>\n<p>\t\t\t<a href=\"https:\/\/prolocoagrigento.it\/es\/un-paseo-por-la-ciudad\/\"><br \/>\n\t\t\t\t\t\tM\u00e1s informaci\u00f3n<br \/>\n\t\t\t\t\t<\/a><\/p>\n<h3>\n\t\t\t\t\t\tCURIOSIDADES<br \/>\n\t\t\t\t<\/h3>\n<p>\n\t\t\t\t\t\tLa Scala dei Turchi se atribuye a menudo al territorio de Agrigento, debido a su posici\u00f3n geogr\u00e1fica. En realidad, se encuentra en la frontera entre Porto Empedocle y Realmonte. \t\t\t\t\t<\/p>\n","protected":false},"excerpt":{"rendered":"<p>ESPACIO PARA LA CIUDADHistoria, folclore, arte, sabores y tradiciones de Agrigento AGRIGENTO Descubra la historia de nuestra ciudad M\u00e1s informaci\u00f3n PARA TURISTAS C\u00f3mo moverse por la ciudad y otras informaciones M\u00e1s informaci\u00f3n LA PROLOCO Descubra la Pro Loco de Agrigento M\u00e1s informaci\u00f3n BIENVENIDO A AGRIGENTO Akragas, antiguo nombre de la ciudad de Agrigento, fue fundada [&hellip;]<\/p>\n","protected":false},"author":1,"featured_media":0,"parent":0,"menu_order":0,"comment_status":"closed","ping_status":"closed","template":"","meta":{"site-sidebar-layout":"default","site-content-layout":"","ast-site-content-layout":"default","site-content-style":"default","site-sidebar-style":"default","ast-global-header-display":"","ast-banner-title-visibility":"","ast-main-header-display":"","ast-hfb-above-header-display":"","ast-hfb-below-header-display":"","ast-hfb-mobile-header-display":"","site-post-title":"","ast-breadcrumbs-content":"","ast-featured-img":"","footer-sml-layout":"","theme-transparent-header-meta":"","adv-header-id-meta":"","stick-header-meta":"","header-above-stick-meta":"","header-main-stick-meta":"","header-below-stick-meta":"","astra-migrate-meta-layouts":"default","ast-page-background-enabled":"default","ast-page-background-meta":{"desktop":{"background-color":"var(--ast-global-color-4)","background-image":"","background-repeat":"repeat","background-position":"center center","background-size":"auto","background-attachment":"scroll","background-type":"","background-media":"","overlay-type":"","overlay-color":"","overlay-gradient":""},"tablet":{"background-color":"","background-image":"","background-repeat":"repeat","background-position":"center center","background-size":"auto","background-attachment":"scroll","background-type":"","background-media":"","overlay-type":"","overlay-color":"","overlay-gradient":""},"mobile":{"background-color":"","background-image":"","background-repeat":"repeat","background-position":"center center","background-size":"auto","background-attachment":"scroll","background-type":"","background-media":"","overlay-type":"","overlay-color":"","overlay-gradient":""}},"ast-content-background-meta":{"desktop":{"background-color":"var(--ast-global-color-5)","background-image":"","background-repeat":"repeat","background-position":"center center","background-size":"auto","background-attachment":"scroll","background-type":"","background-media":"","overlay-type":"","overlay-color":"","overlay-gradient":""},"tablet":{"background-color":"var(--ast-global-color-5)","background-image":"","background-repeat":"repeat","background-position":"center center","background-size":"auto","background-attachment":"scroll","background-type":"","background-media":"","overlay-type":"","overlay-color":"","overlay-gradient":""},"mobile":{"background-color":"var(--ast-global-color-5)","background-image":"","background-repeat":"repeat","background-position":"center center","background-size":"auto","background-attachment":"scroll","background-type":"","background-media":"","overlay-type":"","overlay-color":"","overlay-gradient":""}},"footnotes":""},"_links":{"self":[{"href":"https:\/\/prolocoagrigento.it\/es\/wp-json\/wp\/v2\/pages\/1961"}],"collection":[{"href":"https:\/\/prolocoagrigento.it\/es\/wp-json\/wp\/v2\/pages"}],"about":[{"href":"https:\/\/prolocoagrigento.it\/es\/wp-json\/wp\/v2\/types\/page"}],"author":[{"embeddable":true,"href":"https:\/\/prolocoagrigento.it\/es\/wp-json\/wp\/v2\/users\/1"}],"replies":[{"embeddable":true,"href":"https:\/\/prolocoagrigento.it\/es\/wp-json\/wp\/v2\/comments?post=1961"}],"version-history":[{"count":6,"href":"https:\/\/prolocoagrigento.it\/es\/wp-json\/wp\/v2\/pages\/1961\/revisions"}],"predecessor-version":[{"id":2541,"href":"https:\/\/prolocoagrigento.it\/es\/wp-json\/wp\/v2\/pages\/1961\/revisions\/2541"}],"wp:attachment":[{"href":"https:\/\/prolocoagrigento.it\/es\/wp-json\/wp\/v2\/media?parent=1961"}],"curies":[{"name":"wp","href":"https:\/\/api.w.org\/{rel}","templated":true}]}}