{"id":1601,"date":"2019-04-03T11:05:49","date_gmt":"2019-04-03T09:05:49","guid":{"rendered":"https:\/\/prolocoagrigento.it\/paseo-por-fuera-de-la-ciudad\/"},"modified":"2023-02-15T15:28:12","modified_gmt":"2023-02-15T14:28:12","slug":"paseo-por-fuera-de-la-ciudad","status":"publish","type":"page","link":"https:\/\/prolocoagrigento.it\/es\/paseo-por-fuera-de-la-ciudad\/","title":{"rendered":"Paseo Por Fuera De La Ciudad"},"content":{"rendered":"\t\t<div data-elementor-type=\"wp-page\" data-elementor-id=\"1601\" class=\"elementor elementor-1601 elementor-1175\" data-elementor-post-type=\"page\">\n\t\t\t\t\t\t<section class=\"elementor-section elementor-top-section elementor-element elementor-element-bfdf9d5 elementor-section-boxed elementor-section-height-default elementor-section-height-default\" data-id=\"bfdf9d5\" data-element_type=\"section\">\n\t\t\t\t\t\t<div class=\"elementor-container elementor-column-gap-default\">\n\t\t\t\t\t<div class=\"elementor-column elementor-col-100 elementor-top-column elementor-element elementor-element-fe8a803\" data-id=\"fe8a803\" data-element_type=\"column\">\n\t\t\t<div class=\"elementor-widget-wrap elementor-element-populated\">\n\t\t\t\t\t\t<div class=\"elementor-element elementor-element-11536ea elementor-view-default elementor-position-top elementor-mobile-position-top elementor-widget elementor-widget-icon-box\" data-id=\"11536ea\" data-element_type=\"widget\" data-widget_type=\"icon-box.default\">\n\t\t\t\t<div class=\"elementor-widget-container\">\n\t\t\t<link rel=\"stylesheet\" href=\"https:\/\/prolocoagrigento.it\/wp-content\/plugins\/elementor\/assets\/css\/widget-icon-box.min.css\">\t\t<div class=\"elementor-icon-box-wrapper\">\n\t\t\t\t\t\t<div class=\"elementor-icon-box-icon\">\n\t\t\t\t<span  class=\"elementor-icon elementor-animation-\">\n\t\t\t\t<i aria-hidden=\"true\" class=\"fas fa-map-marker-alt\"><\/i>\t\t\t\t<\/span>\n\t\t\t<\/div>\n\t\t\t\t\t\t<div class=\"elementor-icon-box-content\">\n\t\t\t\t<h3 class=\"elementor-icon-box-title\">\n\t\t\t\t\t<span  >\n\t\t\t\t\t\tPASEO POR FUERA DE LA CIUDAD\t\t\t\t\t<\/span>\n\t\t\t\t<\/h3>\n\t\t\t\t\t\t\t\t\t<p class=\"elementor-icon-box-description\">\n\t\t\t\t\t\tDespu\u00e9s de visitar Agrigento, sugerimos la realizaci\u00f3n de un recorrido por la imponente Scala dei Turchi, la Torre de Carlos V o un paseo por los montes Sicani.\t\t\t\t\t<\/p>\n\t\t\t\t\t\t\t<\/div>\n\t\t<\/div>\n\t\t\t\t<\/div>\n\t\t\t\t<\/div>\n\t\t\t\t\t<\/div>\n\t\t<\/div>\n\t\t\t\t\t<\/div>\n\t\t<\/section>\n\t\t\t\t<section class=\"elementor-section elementor-top-section elementor-element elementor-element-ca1009e elementor-section-boxed elementor-section-height-default elementor-section-height-default\" data-id=\"ca1009e\" data-element_type=\"section\">\n\t\t\t\t\t\t<div class=\"elementor-container elementor-column-gap-default\">\n\t\t\t\t\t<div class=\"elementor-column elementor-col-33 elementor-top-column elementor-element elementor-element-0d4e399\" data-id=\"0d4e399\" data-element_type=\"column\">\n\t\t\t<div class=\"elementor-widget-wrap elementor-element-populated\">\n\t\t\t\t\t\t<div class=\"elementor-element elementor-element-e7756e4 elementor-position-top elementor-widget elementor-widget-image-box\" data-id=\"e7756e4\" data-element_type=\"widget\" data-widget_type=\"image-box.default\">\n\t\t\t\t<div class=\"elementor-widget-container\">\n\t\t\t<style>\/*! elementor - v3.19.0 - 07-02-2024 *\/\n.elementor-widget-image-box .elementor-image-box-content{width:100%}@media (min-width:768px){.elementor-widget-image-box.elementor-position-left .elementor-image-box-wrapper,.elementor-widget-image-box.elementor-position-right .elementor-image-box-wrapper{display:flex}.elementor-widget-image-box.elementor-position-right .elementor-image-box-wrapper{text-align:right;flex-direction:row-reverse}.elementor-widget-image-box.elementor-position-left .elementor-image-box-wrapper{text-align:left;flex-direction:row}.elementor-widget-image-box.elementor-position-top .elementor-image-box-img{margin:auto}.elementor-widget-image-box.elementor-vertical-align-top .elementor-image-box-wrapper{align-items:flex-start}.elementor-widget-image-box.elementor-vertical-align-middle .elementor-image-box-wrapper{align-items:center}.elementor-widget-image-box.elementor-vertical-align-bottom .elementor-image-box-wrapper{align-items:flex-end}}@media (max-width:767px){.elementor-widget-image-box .elementor-image-box-img{margin-left:auto!important;margin-right:auto!important;margin-bottom:15px}}.elementor-widget-image-box .elementor-image-box-img{display:inline-block}.elementor-widget-image-box .elementor-image-box-title a{color:inherit}.elementor-widget-image-box .elementor-image-box-wrapper{text-align:center}.elementor-widget-image-box .elementor-image-box-description{margin:0}<\/style><div class=\"elementor-image-box-wrapper\"><figure class=\"elementor-image-box-img\"><img decoding=\"async\" src=\"https:\/\/prolocoagrigento.it\/wp-content\/uploads\/elementor\/thumbs\/scala-dei-turchi-pnxh7ebi8qxxxeszimq18r71hhoi94f5c2l1f3vau8.jpg\" title=\"scala-dei-turchi\" alt=\"scala-dei-turchi\" loading=\"lazy\" \/><\/figure><div class=\"elementor-image-box-content\"><h3 class=\"elementor-image-box-title\">Scala dei Turchi<\/h3><p class=\"elementor-image-box-description\">La Scala dei Turchi es una pared rocosa que se eleva sobre el mar de Realmonte. Su forma particular y su color blanquecino han provocado que se convierta en una verdadera atracci\u00f3n tur\u00edstica. Su nombre se debe a las pasadas incursiones de pirater\u00eda de varias poblaciones (com\u00fanmente llamadas \u201cturcas\u201d), que encontraron refugio en esta zona.  <\/p><\/div><\/div>\t\t<\/div>\n\t\t\t\t<\/div>\n\t\t\t\t\t<\/div>\n\t\t<\/div>\n\t\t\t\t<div class=\"elementor-column elementor-col-33 elementor-top-column elementor-element elementor-element-33ae956\" data-id=\"33ae956\" data-element_type=\"column\">\n\t\t\t<div class=\"elementor-widget-wrap elementor-element-populated\">\n\t\t\t\t\t\t<div class=\"elementor-element elementor-element-3bf326d elementor-position-top elementor-widget elementor-widget-image-box\" data-id=\"3bf326d\" data-element_type=\"widget\" data-widget_type=\"image-box.default\">\n\t\t\t\t<div class=\"elementor-widget-container\">\n\t\t\t<div class=\"elementor-image-box-wrapper\"><figure class=\"elementor-image-box-img\"><img decoding=\"async\" src=\"https:\/\/prolocoagrigento.it\/wp-content\/uploads\/elementor\/thumbs\/torre-carlo-v-pnxh7ebi8qxxxeszimq18r71hhoi94f5c2l1f3vau8.jpg\" title=\"torre-carlo-v\" alt=\"torre-carlo-v\" loading=\"lazy\" \/><\/figure><div class=\"elementor-image-box-content\"><h3 class=\"elementor-image-box-title\">TORRE CARLO V<\/h3><p class=\"elementor-image-box-description\">Fue dise\u00f1ado por Camillo Camilliani por encargo de Carlos V y construido en el siglo XVI para defender el polvor\u00edn de los ataques enemigos; fue transformado por los Borbones en una penitenciaria y en la actualidad se ha convertido en un centro social, un lugar de reuni\u00f3n y una biblioteca. Adem\u00e1s, la \u201cfosse\u201d alberga la sala de los ca\u00f1ones y espacios de exposici\u00f3n de la Sovrintendenza ai Beni Culturali. <\/p><\/div><\/div>\t\t<\/div>\n\t\t\t\t<\/div>\n\t\t\t\t\t<\/div>\n\t\t<\/div>\n\t\t\t\t<div class=\"elementor-column elementor-col-33 elementor-top-column elementor-element elementor-element-6def075\" data-id=\"6def075\" data-element_type=\"column\">\n\t\t\t<div class=\"elementor-widget-wrap elementor-element-populated\">\n\t\t\t\t\t\t<div class=\"elementor-element elementor-element-faef38d elementor-position-top elementor-widget elementor-widget-image-box\" data-id=\"faef38d\" data-element_type=\"widget\" data-widget_type=\"image-box.default\">\n\t\t\t\t<div class=\"elementor-widget-container\">\n\t\t\t<div class=\"elementor-image-box-wrapper\"><figure class=\"elementor-image-box-img\"><img decoding=\"async\" src=\"https:\/\/prolocoagrigento.it\/wp-content\/uploads\/elementor\/thumbs\/farm-pnxh7ebi8qxxxeszimq18r71hhoi94f5c2l1f3vau8.jpg\" title=\"farm\" alt=\"farm\" loading=\"lazy\" \/><\/figure><div class=\"elementor-image-box-content\"><h3 class=\"elementor-image-box-title\">FARM CULTURA PARK<\/h3><p class=\"elementor-image-box-description\">El Farm Cultural Park (el parque cultural de la granja) se trata de una galer\u00eda de arte y una residencia de artistas localizada en Favara. Fue el primer parque de turismo cultural construido en Sicilia. Se fund\u00f3 en el a\u00f1o 2010 y, adem\u00e1s de las exposiciones de arte, tambi\u00e9n consta de varias zonas de restauraci\u00f3n, \u00e1reas para eventos y una tienda. El objetivo principal de este proyecto es recuperar todo el centro hist\u00f3rico de Favara y convertir la ciudad en la segunda atracci\u00f3n tur\u00edstica de la provincia.   <\/p><\/div><\/div>\t\t<\/div>\n\t\t\t\t<\/div>\n\t\t\t\t\t<\/div>\n\t\t<\/div>\n\t\t\t\t\t<\/div>\n\t\t<\/section>\n\t\t\t\t<section class=\"elementor-section elementor-top-section elementor-element elementor-element-035ecd6 elementor-section-boxed elementor-section-height-default elementor-section-height-default\" data-id=\"035ecd6\" data-element_type=\"section\">\n\t\t\t\t\t\t<div class=\"elementor-container elementor-column-gap-default\">\n\t\t\t\t\t<div class=\"elementor-column elementor-col-33 elementor-top-column elementor-element elementor-element-60874a7\" data-id=\"60874a7\" data-element_type=\"column\">\n\t\t\t<div class=\"elementor-widget-wrap elementor-element-populated\">\n\t\t\t\t\t\t<div class=\"elementor-element elementor-element-fd8ba13 elementor-position-top elementor-widget elementor-widget-image-box\" data-id=\"fd8ba13\" data-element_type=\"widget\" data-widget_type=\"image-box.default\">\n\t\t\t\t<div class=\"elementor-widget-container\">\n\t\t\t<div class=\"elementor-image-box-wrapper\"><figure class=\"elementor-image-box-img\"><img decoding=\"async\" src=\"https:\/\/prolocoagrigento.it\/wp-content\/uploads\/elementor\/thumbs\/teatro-andromeda-pnxh7ebi8qxxxeszimq18r71hhoi94f5c2l1f3vau8.jpg\" title=\"teatro-andromeda\" alt=\"teatro-andromeda\" loading=\"lazy\" \/><\/figure><div class=\"elementor-image-box-content\"><h3 class=\"elementor-image-box-title\">PARQUE DE LOS MONTES SICANOS<\/h3><p class=\"elementor-image-box-description\">El Parque de los Montes Sicanos ocupa el tercer lugar entre los m\u00e1s importantes parques naturales de Sicilia y abarca seis municipios de la provincia de Agrigento. Se caracteriza por la presencia de una flora variada y de animales raros como la especie av\u00edcola como el \u201cniubbo pardo\u201d, el \u00e1guila real y el alimoche. Es importante la presencia del imponente Teatro Andr\u00f3meda (en la foto), cuya visita es una excelente excusa para disfrutar de la historia y el ocio dentro del Parque.  <\/p><\/div><\/div>\t\t<\/div>\n\t\t\t\t<\/div>\n\t\t\t\t\t<\/div>\n\t\t<\/div>\n\t\t\t\t<div class=\"elementor-column elementor-col-33 elementor-top-column elementor-element elementor-element-dc6b648\" data-id=\"dc6b648\" data-element_type=\"column\">\n\t\t\t<div class=\"elementor-widget-wrap elementor-element-populated\">\n\t\t\t\t\t\t<div class=\"elementor-element elementor-element-a7c4b10 elementor-position-top elementor-widget elementor-widget-image-box\" data-id=\"a7c4b10\" data-element_type=\"widget\" data-widget_type=\"image-box.default\">\n\t\t\t\t<div class=\"elementor-widget-container\">\n\t\t\t<div class=\"elementor-image-box-wrapper\"><figure class=\"elementor-image-box-img\"><img decoding=\"async\" src=\"https:\/\/prolocoagrigento.it\/wp-content\/uploads\/elementor\/thumbs\/eraclea-minoa-pnxh7ebi8qxxxeszimq18r71hhoi94f5c2l1f3vau8.jpg\" title=\"eraclea-minoa\" alt=\"eraclea-minoa\" loading=\"lazy\" \/><\/figure><div class=\"elementor-image-box-content\"><h3 class=\"elementor-image-box-title\">ERACLEA MINOA<\/h3><p class=\"elementor-image-box-description\">Eraclea Minoa fue una antigua ciudad griega al suroeste de Sicilia, fundada seg\u00fan Her\u00f3doto, por los selinuntinos, que la llamaron originalmente Minoa. Sus ruinas se encuentran en la zona arqueol\u00f3gica de Cattolica Eraclea (Agrigento). Los reclamos de gran inter\u00e9s son: el Teatro (perteneciente a los siglos V\/VI a.C.), el barrio de viviendas helen\u00edsticas y romanas y el Antiquarium, as\u00ed como los restos de las murallas de la ciudad.  <\/p><\/div><\/div>\t\t<\/div>\n\t\t\t\t<\/div>\n\t\t\t\t\t<\/div>\n\t\t<\/div>\n\t\t\t\t<div class=\"elementor-column elementor-col-33 elementor-top-column elementor-element elementor-element-c15a877\" data-id=\"c15a877\" data-element_type=\"column\">\n\t\t\t<div class=\"elementor-widget-wrap elementor-element-populated\">\n\t\t\t\t\t\t<div class=\"elementor-element elementor-element-f460df2 elementor-position-top elementor-widget elementor-widget-image-box\" data-id=\"f460df2\" data-element_type=\"widget\" data-widget_type=\"image-box.default\">\n\t\t\t\t<div class=\"elementor-widget-container\">\n\t\t\t<div class=\"elementor-image-box-wrapper\"><figure class=\"elementor-image-box-img\"><img decoding=\"async\" src=\"https:\/\/prolocoagrigento.it\/wp-content\/uploads\/elementor\/thumbs\/castello-chiaramonte-favara-pnxh7ebi8qxxxeszimq18r71hhoi94f5c2l1f3vau8.jpg\" title=\"castello-chiaramonte-favara\" alt=\"castello-chiaramonte-favara\" loading=\"lazy\" \/><\/figure><div class=\"elementor-image-box-content\"><h3 class=\"elementor-image-box-title\">CASTILLO \u201cCHIARAMONTANO DI FAVARA\u201d<\/h3><p class=\"elementor-image-box-description\">El Castillo Chiaramontano di Favara es un castillo construido alrededor de 1280 por el noble Federico II miembro de la familia Chiaramonte. El edificio estuvo habitado hasta principios del siglo XVII, mientras que en el siglo XVIII las cocinas situadas a ambos lados del portal ojival se utilizaron como prisi\u00f3n. <\/p><\/div><\/div>\t\t<\/div>\n\t\t\t\t<\/div>\n\t\t\t\t\t<\/div>\n\t\t<\/div>\n\t\t\t\t\t<\/div>\n\t\t<\/section>\n\t\t\t\t<\/div>\n\t\t","protected":false},"excerpt":{"rendered":"<p>PASEO POR FUERA DE LA CIUDAD Despu\u00e9s de visitar Agrigento, sugerimos la realizaci\u00f3n de un recorrido por la imponente Scala dei Turchi, la Torre de Carlos V o un paseo por los montes Sicani. Scala dei Turchi La Scala dei Turchi es una pared rocosa que se eleva sobre el mar de Realmonte. Su forma [&hellip;]<\/p>\n","protected":false},"author":1,"featured_media":0,"parent":0,"menu_order":0,"comment_status":"closed","ping_status":"closed","template":"","meta":{"site-sidebar-layout":"default","site-content-layout":"","ast-site-content-layout":"","site-content-style":"default","site-sidebar-style":"default","ast-global-header-display":"","ast-banner-title-visibility":"","ast-main-header-display":"","ast-hfb-above-header-display":"","ast-hfb-below-header-display":"","ast-hfb-mobile-header-display":"","site-post-title":"","ast-breadcrumbs-content":"","ast-featured-img":"","footer-sml-layout":"","theme-transparent-header-meta":"","adv-header-id-meta":"","stick-header-meta":"","header-above-stick-meta":"","header-main-stick-meta":"","header-below-stick-meta":"","astra-migrate-meta-layouts":"default","ast-page-background-enabled":"default","ast-page-background-meta":{"desktop":{"background-color":"var(--ast-global-color-4)","background-image":"","background-repeat":"repeat","background-position":"center center","background-size":"auto","background-attachment":"scroll","background-type":"","background-media":"","overlay-type":"","overlay-color":"","overlay-gradient":""},"tablet":{"background-color":"","background-image":"","background-repeat":"repeat","background-position":"center center","background-size":"auto","background-attachment":"scroll","background-type":"","background-media":"","overlay-type":"","overlay-color":"","overlay-gradient":""},"mobile":{"background-color":"","background-image":"","background-repeat":"repeat","background-position":"center center","background-size":"auto","background-attachment":"scroll","background-type":"","background-media":"","overlay-type":"","overlay-color":"","overlay-gradient":""}},"ast-content-background-meta":{"desktop":{"background-color":"var(--ast-global-color-5)","background-image":"","background-repeat":"repeat","background-position":"center center","background-size":"auto","background-attachment":"scroll","background-type":"","background-media":"","overlay-type":"","overlay-color":"","overlay-gradient":""},"tablet":{"background-color":"var(--ast-global-color-5)","background-image":"","background-repeat":"repeat","background-position":"center center","background-size":"auto","background-attachment":"scroll","background-type":"","background-media":"","overlay-type":"","overlay-color":"","overlay-gradient":""},"mobile":{"background-color":"var(--ast-global-color-5)","background-image":"","background-repeat":"repeat","background-position":"center center","background-size":"auto","background-attachment":"scroll","background-type":"","background-media":"","overlay-type":"","overlay-color":"","overlay-gradient":""}},"footnotes":""},"_links":{"self":[{"href":"https:\/\/prolocoagrigento.it\/es\/wp-json\/wp\/v2\/pages\/1601"}],"collection":[{"href":"https:\/\/prolocoagrigento.it\/es\/wp-json\/wp\/v2\/pages"}],"about":[{"href":"https:\/\/prolocoagrigento.it\/es\/wp-json\/wp\/v2\/types\/page"}],"author":[{"embeddable":true,"href":"https:\/\/prolocoagrigento.it\/es\/wp-json\/wp\/v2\/users\/1"}],"replies":[{"embeddable":true,"href":"https:\/\/prolocoagrigento.it\/es\/wp-json\/wp\/v2\/comments?post=1601"}],"version-history":[{"count":4,"href":"https:\/\/prolocoagrigento.it\/es\/wp-json\/wp\/v2\/pages\/1601\/revisions"}],"predecessor-version":[{"id":2033,"href":"https:\/\/prolocoagrigento.it\/es\/wp-json\/wp\/v2\/pages\/1601\/revisions\/2033"}],"wp:attachment":[{"href":"https:\/\/prolocoagrigento.it\/es\/wp-json\/wp\/v2\/media?parent=1601"}],"curies":[{"name":"wp","href":"https:\/\/api.w.org\/{rel}","templated":true}]}}