{"id":1597,"date":"2019-04-02T10:27:54","date_gmt":"2019-04-02T08:27:54","guid":{"rendered":"https:\/\/prolocoagrigento.it\/historia\/"},"modified":"2022-04-26T11:36:39","modified_gmt":"2022-04-26T09:36:39","slug":"historia","status":"publish","type":"page","link":"https:\/\/prolocoagrigento.it\/es\/historia\/","title":{"rendered":"Historia"},"content":{"rendered":"\t\t<div data-elementor-type=\"wp-page\" data-elementor-id=\"1597\" class=\"elementor elementor-1597 elementor-1056\" data-elementor-post-type=\"page\">\n\t\t\t\t\t\t<section class=\"elementor-section elementor-top-section elementor-element elementor-element-f4b4b7c elementor-section-boxed elementor-section-height-default elementor-section-height-default\" data-id=\"f4b4b7c\" data-element_type=\"section\">\n\t\t\t\t\t\t<div class=\"elementor-container elementor-column-gap-default\">\n\t\t\t\t\t<div class=\"elementor-column elementor-col-100 elementor-top-column elementor-element elementor-element-4999564\" data-id=\"4999564\" data-element_type=\"column\">\n\t\t\t<div class=\"elementor-widget-wrap elementor-element-populated\">\n\t\t\t\t\t\t<div class=\"elementor-element elementor-element-1eb0ed4 elementor-view-default elementor-position-top elementor-mobile-position-top elementor-widget elementor-widget-icon-box\" data-id=\"1eb0ed4\" data-element_type=\"widget\" data-widget_type=\"icon-box.default\">\n\t\t\t\t<div class=\"elementor-widget-container\">\n\t\t\t<link rel=\"stylesheet\" href=\"https:\/\/prolocoagrigento.it\/wp-content\/plugins\/elementor\/assets\/css\/widget-icon-box.min.css\">\t\t<div class=\"elementor-icon-box-wrapper\">\n\t\t\t\t\t\t<div class=\"elementor-icon-box-icon\">\n\t\t\t\t<span  class=\"elementor-icon elementor-animation-\">\n\t\t\t\t<i aria-hidden=\"true\" class=\"fas fa-landmark\"><\/i>\t\t\t\t<\/span>\n\t\t\t<\/div>\n\t\t\t\t\t\t<div class=\"elementor-icon-box-content\">\n\t\t\t\t<h3 class=\"elementor-icon-box-title\">\n\t\t\t\t\t<span  >\n\t\t\t\t\t\tLA HISTORIA DE AGRIGENTO\t\t\t\t\t<\/span>\n\t\t\t\t<\/h3>\n\t\t\t\t\t\t\t<\/div>\n\t\t<\/div>\n\t\t\t\t<\/div>\n\t\t\t\t<\/div>\n\t\t\t\t<section class=\"elementor-section elementor-inner-section elementor-element elementor-element-cd92e33 elementor-section-boxed elementor-section-height-default elementor-section-height-default\" data-id=\"cd92e33\" data-element_type=\"section\">\n\t\t\t\t\t\t<div class=\"elementor-container elementor-column-gap-default\">\n\t\t\t\t\t<div class=\"elementor-column elementor-col-25 elementor-inner-column elementor-element elementor-element-fe07ee5 elementor-hidden-tablet elementor-hidden-mobile\" data-id=\"fe07ee5\" data-element_type=\"column\">\n\t\t\t<div class=\"elementor-widget-wrap\">\n\t\t\t\t\t\t\t<\/div>\n\t\t<\/div>\n\t\t\t\t<div class=\"elementor-column elementor-col-50 elementor-inner-column elementor-element elementor-element-cebb35f\" data-id=\"cebb35f\" data-element_type=\"column\">\n\t\t\t<div class=\"elementor-widget-wrap elementor-element-populated\">\n\t\t\t\t\t\t<div class=\"elementor-element elementor-element-47e77ee elementor-widget elementor-widget-text-editor\" data-id=\"47e77ee\" data-element_type=\"widget\" data-widget_type=\"text-editor.default\">\n\t\t\t\t<div class=\"elementor-widget-container\">\n\t\t\t<style>\/*! elementor - v3.19.0 - 07-02-2024 *\/\n.elementor-widget-text-editor.elementor-drop-cap-view-stacked .elementor-drop-cap{background-color:#69727d;color:#fff}.elementor-widget-text-editor.elementor-drop-cap-view-framed .elementor-drop-cap{color:#69727d;border:3px solid;background-color:transparent}.elementor-widget-text-editor:not(.elementor-drop-cap-view-default) .elementor-drop-cap{margin-top:8px}.elementor-widget-text-editor:not(.elementor-drop-cap-view-default) .elementor-drop-cap-letter{width:1em;height:1em}.elementor-widget-text-editor .elementor-drop-cap{float:left;text-align:center;line-height:1;font-size:50px}.elementor-widget-text-editor .elementor-drop-cap-letter{display:inline-block}<\/style>\t\t\t\t<p><strong>Agrigento<\/strong>\u00a0fue fundada en el siglo VI a.C por la poblaci\u00f3n griega de\u00a0<strong>Rodas<\/strong>\u00a0sobre la llanura en la que hoy en d\u00eda se encuentra el\u00a0<strong>Valle de los Templos<\/strong>\u00a0(reconocido como uno de los Patrimonio Mundial de la Humanidad de la Unesco).\u00a0A lo largo de su historia ha tenido una diversidad de nombres:\u00a0<strong>Akragas<\/strong>\u00a0(periodo griego),\u00a0<strong>Agrigentum<\/strong>\u00a0(periodo romano),\u00a0<strong>Kerkent<\/strong>\u00a0(periodo \u00e1rabe),\u00a0<strong>Girgenti<\/strong>\u00a0(periodo medieval) y\u00a0<strong>Agrigento<\/strong>\u00a0(desde el a\u00f1o 1927, periodo fascista).<\/p><p><img fetchpriority=\"high\" decoding=\"async\" class=\"aligncenter wp-image-1111 size-full\" src=\"https:\/\/prolocoagrigento.it\/wp-content\/uploads\/2019\/04\/valle-dei-templi.jpg\" alt=\"\" width=\"800\" height=\"400\" srcset=\"https:\/\/prolocoagrigento.it\/wp-content\/uploads\/2019\/04\/valle-dei-templi.jpg 800w, https:\/\/prolocoagrigento.it\/wp-content\/uploads\/2019\/04\/valle-dei-templi-300x150.jpg 300w, https:\/\/prolocoagrigento.it\/wp-content\/uploads\/2019\/04\/valle-dei-templi-768x384.jpg 768w, https:\/\/prolocoagrigento.it\/wp-content\/uploads\/2019\/04\/valle-dei-templi-600x300.jpg 600w\" sizes=\"(max-width: 800px) 100vw, 800px\" \/><\/p><p>Originalmente, en el territorio de Agrigento habitaba la poblaci\u00f3n ind\u00edgena de Sicilia:\u00a0<strong>los Sicanos<\/strong>. Sin embargo, tanto Agrigento como el resto de Sicilia, ha sido objeto de diversas dominaciones de diferentes poblaciones. A partir del 406 a.C., Agrigento estuvo bajo el poder de los\u00a0<strong>cartagineses<\/strong>\u00a0(pueblo norteafricano); desde el 210 a.C. estuvo bajo el poder de los\u00a0<strong>romanos<\/strong>\u00a0(la ciudad fue renombrada como Agrigentum); en el 828 de los\u00a0<strong>\u00e1rabes<\/strong>\u00a0(un periodo en el que fue edificado el centro de la ciudad moderna); en el 1087 de los\u00a0<strong>normandos<\/strong>\u00a0(per\u00edodo en el que se levantaron la Catedral y la Iglesia de Santa Mar\u00eda de los Griegos); en el 1700 de los<strong>Borbones<\/strong>\u00a0(que comenz\u00f3 formando parte del Reino de Sicilia que luego se convirti\u00f3 en el\u00a0<strong>Reino de las Dos Sicilias<\/strong>); finalmente, en el a\u00f1o 1860, pas\u00f3 a formar parte del\u00a0<strong>Reino de Italia<\/strong>\u00a0(territorio similar al de la Italia moderna) despu\u00e9s de la revuelta de Garibaldi.\u00a0Agrigento era tambi\u00e9n el centro de los barones y de los religiosos.<\/p><p>Durante los siglos a.C. hab\u00eda tres ciudades que eran consideradas como las m\u00e1s importantes de la isla:\u00a0<strong>Agrigento<\/strong>, Siracusa e Imera (territorio que en la actualidad coincide parcialmente con la provincia de Palermo). Uno de los primeros tiranos m\u00e1s conocidos fue Ner\u00f3n, qui\u00e9n junto al tirano de Siracusa, pudo mantener durante mucho tiempo el dominio sobre estas tres ciudades.\u00a0Durante los a\u00f1os 460-470 a.C en la ciudad de\u00a0<strong>Agrigento<\/strong>, el pueblo decidi\u00f3 establecer la democracia sobre la tiran\u00eda, pero en el 314 a.C. la tiran\u00eda volver\u00eda a ser dominante en la ciudad de Siracusa.\u00a0<strong>Agrigento volver\u00eda a ser importante en Sicilia en el a\u00f1o 1817<\/strong>, durante el periodo borb\u00f3nico, cuando Girgenti (el nombre de Agrigento en aquella \u00e9poca) se convirti\u00f3 en una de las siete cabeceras sicilianas (junto a Palermo, Messina, Catania, Siracusa, Caltanissetta y Trapani)\u00a0Desde el a\u00f1o 1922 Agrigento, al igual que el resto de Italia, estuvo bajo el r\u00e9gimen fascista que terminar\u00eda en el a\u00f1o 1943 despu\u00e9s de los bombardeos brit\u00e1nicos y estadounidenses.<\/p><p>A lo largo de la historia de la ciudad, Agrigento ha sido particularmente relevante para la agricultura, para la extracci\u00f3n de azufre y para las actividades tur\u00edsticas y hoteleras (desde el siglo XX en adelante).\u00a0En definitiva, Agrigento fue una de las colonias griegas m\u00e1s pr\u00f3speras e importantes de occidente. Como prueba de ello, queda el magn\u00edfico\u00a0<strong>Valle de los Templos<\/strong>\u00a0y los valiosos hallazgos del\u00a0<strong>Museo Arqueol\u00f3gico \u201cGriffo\u201d<\/strong>. De hecho, cada turista comienza visitando el Valle de los Templos, su propia excursi\u00f3n en la ciudad.<\/p><h2>VISITAR EL VALLE DEL TEMPLO Y AGRIGENTO<\/h2><p>La visita puede realizarla cada uno por cuenta ajena al adquirir un ticket para visitar la\u00a0<strong>zona<\/strong>. Pero es cierto que de esta manera hay una gran probabilidad de no captar por completo la belleza y la historia que esconde la zona. De hecho, la mayor\u00eda de visitantes se limitan a pasear mientras\u00a0<em>observan<\/em>\u00a0los templos griegos construidos hace\u00a0<strong>casi 2600 a\u00f1os<\/strong>. Al hacerlo as\u00ed, se pierde m\u00e1s del 50% de la visita. Es aconsejable que se adquiera al menos una\u00a0<strong>gu\u00eda en papel o en audio<\/strong>\u00a0en su\u00a0<strong>idioma<\/strong>\u00a0donde quede explicado detalladamente que se esconde detr\u00e1s del blanco que queda en algunas columnas del templo de\u00a0<em>Di\u00f3scuros<\/em>, o de rojo que queda en el templo de la\u00a0<em>Concordia<\/em>. Tienen gran importancia las explicaciones sobre el templo de\u00a0<em>Zeus<\/em>\u00a0ya que de perderse una explicaci\u00f3n en este templo podr\u00e1 parecer tan solo grandes rocas de toba en el suelo.<\/p><p>Adem\u00e1s, el paseo no lleva a otros lugares de inter\u00e9s como el<strong>barrio El\u00edstico-Romano<\/strong>, el\u00a0<strong>Museo Arqueol\u00f3gico Griffo<\/strong>\u00a0o el\u00a0<strong>Gymnasium<\/strong>. Asimismo, se han hecho importantes descubrimientos como el\u00a0<strong>Antiguo Teatro de Akragas<\/strong>, el\u00a0<strong>Templo Romano<\/strong>\u00a0y las\u00a0<strong>Termas de Akragas<\/strong>.<\/p><p>Pero detenerse s\u00f3lo en el \u00e1rea arqueol\u00f3gica ser\u00eda algo reducido e incompleto.<\/p><p><img decoding=\"async\" class=\"wp-image-1123 size-full\" src=\"https:\/\/prolocoagrigento.it\/wp-content\/uploads\/2019\/04\/teatro-pirandello.jpg\" alt=\"\" width=\"800\" height=\"400\" srcset=\"https:\/\/prolocoagrigento.it\/wp-content\/uploads\/2019\/04\/teatro-pirandello.jpg 800w, https:\/\/prolocoagrigento.it\/wp-content\/uploads\/2019\/04\/teatro-pirandello-300x150.jpg 300w, https:\/\/prolocoagrigento.it\/wp-content\/uploads\/2019\/04\/teatro-pirandello-768x384.jpg 768w, https:\/\/prolocoagrigento.it\/wp-content\/uploads\/2019\/04\/teatro-pirandello-600x300.jpg 600w\" sizes=\"(max-width: 800px) 100vw, 800px\" \/><\/p><p>La ciudad tiene\u00a0<strong>mucho que demostrar<\/strong>. Empezando por su casco antiguo que fue construido en primer lugar por los\u00a0<em>akragantinos<\/em>, luego por los\u00a0<em>\u00e1rabes<\/em>y tambi\u00e9n por los\u00a0<em>espa\u00f1oles<\/em>o los\u00a0<em>franceses<\/em>. Se trata de una cultura que ha sufrido tantas dominaciones que ha conllevado que el estilo y h\u00e1bitos de sus habitantes se hayan visto alterados tantas veces. La historia ha pasado muchas veces por la ciudad de Agrigento, desde los\u00a0<strong>griegos, romanos y cartagineses<\/strong>\u00a0hasta la m\u00e1s reciente de\u00a0<strong>los Chiaramonte, los mil de Garibaldi, el fascismo y el desembarco de los aliados en Sicilia<\/strong>\u00a0durante la Segunda Guerra Mundial. Todos han dejado una huella que debe ser a\u00fan m\u00e1s\u00a0<strong>conocido<\/strong>y visto como la\u00a0<strong>Iglesia de Santa Mar\u00eda de los Griegos<\/strong>, de la\u00a0<strong>Catedral<\/strong>o del\u00a0<strong>Mudia<\/strong>, o el\u00a0<em>Museo Diocesano<\/em>.<\/p><p>En el centro de la ciudad tambi\u00e9n hay mucho que ver, como el\u00a0<strong>Teatro Pirandello<\/strong>, la\u00a0<strong>Puerta de Puente<\/strong>, la\u00a0<strong>calle Atenea<\/strong>\u00a0y el\u00a0<strong>Monasterio de Santo Spirito<\/strong>, ayud\u00e1ndose tambi\u00e9n con mapas espec\u00edficos. Visitar el Valle de los Templos y no ver la ciudad ser\u00eda equivalente a ir a Par\u00eds, visitar la Torre Eiffel pero no ver el resto de la ciudad.\u00a0<strong>Agrigento y el Valle de los Templos son uno.<\/strong>\u00a0Est\u00e1n conectadas en varias partes como en la\u00a0<strong>Iglesia-Santuario de Demetra<\/strong>\u00a0o en la\u00a0<strong>Necr\u00f3polis Pezzino<\/strong>, pero sobre todo en\u00a0<strong>Santa Mar\u00eda de los Griegos<\/strong>.<\/p><p>Debido a esto, la visita debe ser completa y no parcial.<\/p>\t\t\t\t\t\t<\/div>\n\t\t\t\t<\/div>\n\t\t\t\t\t<\/div>\n\t\t<\/div>\n\t\t\t\t<div class=\"elementor-column elementor-col-25 elementor-inner-column elementor-element elementor-element-f11916f elementor-hidden-tablet elementor-hidden-mobile\" data-id=\"f11916f\" data-element_type=\"column\">\n\t\t\t<div class=\"elementor-widget-wrap\">\n\t\t\t\t\t\t\t<\/div>\n\t\t<\/div>\n\t\t\t\t\t<\/div>\n\t\t<\/section>\n\t\t\t\t\t<\/div>\n\t\t<\/div>\n\t\t\t\t\t<\/div>\n\t\t<\/section>\n\t\t\t\t<\/div>\n\t\t","protected":false},"excerpt":{"rendered":"<p>LA HISTORIA DE AGRIGENTO Agrigento\u00a0fue fundada en el siglo VI a.C por la poblaci\u00f3n griega de\u00a0Rodas\u00a0sobre la llanura en la que hoy en d\u00eda se encuentra el\u00a0Valle de los Templos\u00a0(reconocido como uno de los Patrimonio Mundial de la Humanidad de la Unesco).\u00a0A lo largo de su historia ha tenido una diversidad de nombres:\u00a0Akragas\u00a0(periodo griego),\u00a0Agrigentum\u00a0(periodo romano),\u00a0Kerkent\u00a0(periodo [&hellip;]<\/p>\n","protected":false},"author":1,"featured_media":0,"parent":0,"menu_order":0,"comment_status":"closed","ping_status":"closed","template":"","meta":{"site-sidebar-layout":"default","site-content-layout":"","ast-site-content-layout":"","site-content-style":"default","site-sidebar-style":"default","ast-global-header-display":"","ast-banner-title-visibility":"","ast-main-header-display":"","ast-hfb-above-header-display":"","ast-hfb-below-header-display":"","ast-hfb-mobile-header-display":"","site-post-title":"","ast-breadcrumbs-content":"","ast-featured-img":"","footer-sml-layout":"","theme-transparent-header-meta":"","adv-header-id-meta":"","stick-header-meta":"","header-above-stick-meta":"","header-main-stick-meta":"","header-below-stick-meta":"","astra-migrate-meta-layouts":"default","ast-page-background-enabled":"default","ast-page-background-meta":{"desktop":{"background-color":"var(--ast-global-color-4)","background-image":"","background-repeat":"repeat","background-position":"center center","background-size":"auto","background-attachment":"scroll","background-type":"","background-media":"","overlay-type":"","overlay-color":"","overlay-gradient":""},"tablet":{"background-color":"","background-image":"","background-repeat":"repeat","background-position":"center center","background-size":"auto","background-attachment":"scroll","background-type":"","background-media":"","overlay-type":"","overlay-color":"","overlay-gradient":""},"mobile":{"background-color":"","background-image":"","background-repeat":"repeat","background-position":"center center","background-size":"auto","background-attachment":"scroll","background-type":"","background-media":"","overlay-type":"","overlay-color":"","overlay-gradient":""}},"ast-content-background-meta":{"desktop":{"background-color":"var(--ast-global-color-5)","background-image":"","background-repeat":"repeat","background-position":"center center","background-size":"auto","background-attachment":"scroll","background-type":"","background-media":"","overlay-type":"","overlay-color":"","overlay-gradient":""},"tablet":{"background-color":"var(--ast-global-color-5)","background-image":"","background-repeat":"repeat","background-position":"center center","background-size":"auto","background-attachment":"scroll","background-type":"","background-media":"","overlay-type":"","overlay-color":"","overlay-gradient":""},"mobile":{"background-color":"var(--ast-global-color-5)","background-image":"","background-repeat":"repeat","background-position":"center center","background-size":"auto","background-attachment":"scroll","background-type":"","background-media":"","overlay-type":"","overlay-color":"","overlay-gradient":""}},"footnotes":""},"_links":{"self":[{"href":"https:\/\/prolocoagrigento.it\/es\/wp-json\/wp\/v2\/pages\/1597"}],"collection":[{"href":"https:\/\/prolocoagrigento.it\/es\/wp-json\/wp\/v2\/pages"}],"about":[{"href":"https:\/\/prolocoagrigento.it\/es\/wp-json\/wp\/v2\/types\/page"}],"author":[{"embeddable":true,"href":"https:\/\/prolocoagrigento.it\/es\/wp-json\/wp\/v2\/users\/1"}],"replies":[{"embeddable":true,"href":"https:\/\/prolocoagrigento.it\/es\/wp-json\/wp\/v2\/comments?post=1597"}],"version-history":[{"count":4,"href":"https:\/\/prolocoagrigento.it\/es\/wp-json\/wp\/v2\/pages\/1597\/revisions"}],"predecessor-version":[{"id":1934,"href":"https:\/\/prolocoagrigento.it\/es\/wp-json\/wp\/v2\/pages\/1597\/revisions\/1934"}],"wp:attachment":[{"href":"https:\/\/prolocoagrigento.it\/es\/wp-json\/wp\/v2\/media?parent=1597"}],"curies":[{"name":"wp","href":"https:\/\/api.w.org\/{rel}","templated":true}]}}